{"id":244,"date":"2017-01-28T15:49:34","date_gmt":"2017-01-28T18:49:34","guid":{"rendered":"http:\/\/radionos.com.br\/wp\/?page_id=244"},"modified":"2025-08-21T21:05:52","modified_gmt":"2025-08-22T00:05:52","slug":"chiptune-channel","status":"publish","type":"page","link":"https:\/\/radionos.com\/site\/chiptune-channel\/","title":{"rendered":"Chiptune Channel"},"content":{"rendered":"<p><img fetchpriority=\"high\" decoding=\"async\" class=\"\" src=\"\/site\/wp-content\/uploads\/2024\/08\/img_20240811_132126889222549574007553.jpg\" width=\"319\" height=\"239\" data-wpid=\"31\" \/><\/p>\n<script>\n\t\tjQuery(function() {\nsetTimeout(function(){\n\t\t\tjQuery(\"#lbg_audio5_html5_shoutcast_15\").audio5_html5({\n\t\t\t\tskin:\"whiteControllers\",\n\t\t\t\tplayerWidth:5000,\n\t\t\t\tresponsive:true,\n\t\t\t\tinitialVolume:1,\n\t\t\t\tautoPlay:true,\n\t\t\t\tvolumeOffColor:\"#454545\",\n\t\t\t\tvolumeOnColor:\"#FFFFFF\",\n\t\t\t\tsongTitleColor:\"#d6d2d6\",\n\t\t\t\tradioStationColor:\"#d6d2d6\",\n\t\t\t\tframeBehindPlayerColor:\"#000000\",\n\t\t\t\timageBorderWidth:4,\n\t\t\t\timageBorderColor:\"#000000\",\n\t\t\t\tshowVolume:true,\n\t\t\t\tshowRadioStation:true,\n\t\t\t\tshowTitle:true,\n\t\t\t\tshowNextPrevBut:false,\n\t\t\t\tautoHidePlayButton:false,\n\t\t\t\tshowFacebookBut:false,\n\t\t\t\tfacebookAppID:\"377545175935780\",\n\t\t\t\tfacebookShareTitle:\"Listen now RadioNOS.com\",\n\t\t\t\tfacebookShareDescription:\"O que n\u00e3o se ouve por a\u00ed...\",\n\t\t\t\tshowTwitterBut:false,\n\t\t\t\tbeneathTitleBackgroundColor_VisiblePlaylist:\"#11111c\",\n\t\t\t\tbeneathTitleBackgroundOpacity_VisiblePlaylist:100,\n\t\t\t\tbeneathTitleBackgroundColor_HiddenPlaylist:\"#11111c\",\n\t\t\t\tbeneathTitleBackgroundOpacity_HiddenPlaylist:100,\n\t\t\t\tbeneathTitleBackgroundBorderColor:\"#000000\",\n\t\t\t\tbeneathTitleBackgroundBorderWidth:3,\n\t\t\t\ttranslateRadioStation:\"Canal: \",\n\t\t\t\ttranslateSongTitle:\"Tocando agora: \",\n\t\t\t\ttranslateReadingData:\"lendo dados...\",\n\t\t\t\ttranslateAllRadioStations:\"TODOS OS CANAIS\",\n\t\t\t\tshowPlaylistBut:false,\n\t\t\t\tshowPlaylist:true,\n\t\t\t\tshowPlaylistOnInit:false,\n\t\t\t\tplaylistTopPos:5,\n\t\t\t\tplaylistBgColor:\"#c55151\",\n\t\t\t\tplaylistRecordBgOffColor:\"#000000\",\n\t\t\t\tplaylistRecordBgOnColor:\"#000000\",\n\t\t\t\tplaylistRecordBottomBorderOffColor:\"#333333\",\n\t\t\t\tplaylistRecordBottomBorderOnColor:\"#4d4d4d\",\n\t\t\t\tplaylistRecordTextOffColor:\"#777777\",\n\t\t\t\tplaylistRecordTextOnColor:\"#00b4f9\",\n\t\t\t\tcategoryRecordBgOffColor:\"#000000\",\n\t\t\t\tcategoryRecordBgOnColor:\"#252525\",\n\t\t\t\tcategoryRecordBottomBorderOffColor:\"#2f2f2f\",\n\t\t\t\tcategoryRecordBottomBorderOnColor:\"#2f2f2f\",\n\t\t\t\tcategoryRecordTextOffColor:\"#777777\",\n\t\t\t\tcategoryRecordTextOnColor:\"#00b4f9\",\n\t\t\t\tnumberOfThumbsPerScreen:7,\n\t\t\t\tplaylistPadding:18,\n\t\t\t\tfirstCateg:\"\",\n\t\t\t\tshowCategories:false,\n\t\t\t\tselectedCategBg:\"#000000\",\n\t\t\t\tselectedCategOffColor:\"#FFFFFF\",\n\t\t\t\tselectedCategOnColor:\"#00b4f9\",\n\t\t\t\tselectedCategMarginBottom:12,\n\t\t\t\tshowSearchArea:false,\n\t\t\t\tsearchAreaBg:\"#000000\",\n\t\t\t\tsearchInputText:\"search...\",\n\t\t\t\tsearchInputBg:\"#ffffff\",\n\t\t\t\tsearchInputBorderColor:\"#333333\",\n\t\t\t    searchInputTextColor:\"#333333\",\n\t\t\t\tshowPlaylistNumber:false,\n\t\t\t\tpathToAjaxFiles:\"https:\/\/radionos.com\/site\/wp-content\/plugins\/lbg-audio5-html5-shoutcast_sticky\/audio5_html5\/\",\n\t\t\t\tnowPlayingInterval:15,\n\t\t\t\tgrabLastFmPhoto:true,\n\t\t\t\tgrabStreamnameAndGenre:true,\n\t\t\t\tnoImageAvailable:\"https:\/\/radionos.com\/site\/wp-content\/uploads\/2022\/01\/ICONE-NOS-1.png\",\n\t\t\t\tshowHeadphone:false,\n\t\t\t\tnextPrevAdditionalPadding:-5,\n\t\t\t\tminButtonColor:\"#a890a8\"\n\t\t\t});\n}, 0);\n\t\t});\n\t<\/script>\n    <div class=\"audio5_html5_sticky\">\n\t\t<div class=\"audio5_html5\">\n            <div id=\"lbg_audio5_html5_shoutcast_15\">\n                  <div class=\"xaudioplaylist\"><ul>\n                \t<li class=\"xradiostream\">https:\/\/nos.radio.br:443\/stream\/15\/;<\/li><li class=\"xassociatedpageurl\"><\/li><li class=\"xstation\">Chiptune Channel<\/li>        <\/ul><\/div>\n            <\/div>\n     <\/div>\n\t<br style=\"clear:both;\">\n\t<div class=\"audio5_html5_min audio5_html5_arrow_down\"><\/div>\n\n  <\/div>  \n<p>Chiptune, Chipmusic ou M\u00fasica 8-bit, \u00e9 um g\u00eanero de m\u00fasica eletr\u00f4nica sintetizada, produzido por chips de som de antigos computadores, consoles de videogame e m\u00e1quinas de arcade e tamb\u00e9m com a emula\u00e7\u00e3o.No in\u00edcio de 1980, os pre\u00e7os dos computadores pessoais tornaram-se mais acess\u00edveis. Em alguns deles, como o Commodore Amiga, era poss\u00edvel produzir (sequenciar) m\u00fasica eletr\u00f4nica baseada em samples. Tornando o computador pessoal uma alternativa aos m\u00fasicos que n\u00e3o possu\u00edam verba ou acesso a est\u00fadios e aos caros sintetizadores e drum machines. Essa demanda levou a uma prolifera\u00e7\u00e3o de computadores desatualizados e consoles de jogos abandonados, quando os consumidores se atualizavam para m\u00e1quinas mais novas.Embora tenha sido um g\u00eanero predominantemente underground, o chiptune teve per\u00edodos de popularidade moderado nos anos 90 e principalmente no come\u00e7o do s\u00e9culo, atrav\u00e9s de selos como o 8bitpeoples e festivais como o Blip Festival New York.Os chiptunes s\u00e3o fortemente relacionados \u00e0 m\u00fasica de v\u00eddeo games. Seu auge foi nos anos 80 e 90, quando estes sons caracter\u00edsticos sintetizados eram os \u00fanicos dispon\u00edveis para a cria\u00e7\u00e3o de m\u00fasica em computadores. Os compositores possu\u00edam grande flexibilidade em sintetizar os som dos instrumentos, mas os chiptunes tinham somente geradores de tons e geradores de ru\u00eddo, impondo limita\u00e7\u00f5es na complexidade e no aspecto das m\u00fasicas. Parecendo \u00e1speros, estranhos e repetitivos, caracter\u00edsticos dos v\u00eddeo game antigos.O termo, \u00e9 normalmente usado para representar a m\u00fasica formada por sons de sintetizadores com valores art\u00edsticos limitados por hardware. Com o advento da modernidade, um dos desafios dos compositores de chiptunes \u00e9 conseguir produzir os timbres \u00e1speros caracter\u00edsticos utilizando o recurso tecnol\u00f3gico atual, visto que a caracter\u00edstica principal do chiptune \u00e9 a limita\u00e7\u00e3o dos recursos. Geralmente \u00e9 utilizado programas virtuais denominados Trackers para convers\u00e3o dos sons ap\u00f3s a composi\u00e7\u00e3o, recriando os timbres.Existem v\u00e1rios m\u00fasicos que classificam o Chiptune como princ\u00edpal estilo musical. As caracter\u00edsticas deste g\u00eanero tamb\u00e9m s\u00e3o amplamente utilizadas como pequenos complementos sonoros em m\u00fasicas pop e em m\u00fasicas eletr\u00f4nicas tocadas nas festas raves e academias, como techno, trance, entre outros sub-g\u00eaneros.Alguns sistemas com sonoridade Chiptune:Atari 2600<\/p>\n<ul>\n<li>Nintendo Entertainment System<\/li>\n<li>Super Nintendo<\/li>\n<li>Master System<\/li>\n<li>Genesis\/Mega Drive<\/li>\n<li>Game Boy<\/li>\n<li>Commodore 64<\/li>\n<li>Commodore Amiga<\/li>\n<li>MSX<\/li>\n<\/ul>\n<p>Consultas:<a href=\"https:\/\/www.chiptune.com\/\">https:\/\/www.chiptune.com<\/a><a href=\"https:\/\/en.wikipedia.org\/wiki\/Chiptune\">https:\/\/en.wikipedia.org\/wiki\/Chiptune<\/a><\/p>\n<p><strong>\u00daltimas tocadas no Chiptune Channel<\/strong><\/p>\n<div><iframe src=\"https:\/\/www.nos.com.br\/GetPlayedHistory.php?hist=stream15.xml&amp;name=Chiptune\" width=\"640\" height=\"300\"><\/iframe><\/div>\n<p>Sua opini\u00e3o \u00e9 importante: diga-nos o que acha do Chiptune Channel da RadioNOS ?O Melhor em CREATIVE COMMONS Music &#8211; O que n\u00e3o se ouve por a\u00ed.<\/p>\n","protected":false},"excerpt":{"rendered":"<p>Chiptune, Chipmusic ou M\u00fasica 8-bit, \u00e9 um g\u00eanero de m\u00fasica eletr\u00f4nica sintetizada, produzido por chips de som de antigos computadores, consoles de videogame e m\u00e1quinas de arcade e tamb\u00e9m com a emula\u00e7\u00e3o.No in\u00edcio de 1980, os pre\u00e7os dos computadores pessoais tornaram-se mais acess\u00edveis. Em alguns deles, como o Commodore Amiga, era poss\u00edvel produzir (sequenciar)&hellip; <a class=\"read-more-link\" href=\"https:\/\/radionos.com\/site\/chiptune-channel\/\">(mais)<\/a><\/p>\n","protected":false},"author":1,"featured_media":1505,"parent":0,"menu_order":0,"comment_status":"closed","ping_status":"closed","template":"","meta":{"_eb_attr":"","_monsterinsights_skip_tracking":false,"_monsterinsights_sitenote_active":false,"_monsterinsights_sitenote_note":"","_monsterinsights_sitenote_category":0,"footnotes":""},"class_list":["post-244","page","type-page","status-publish","has-post-thumbnail","hentry"],"jetpack_sharing_enabled":true,"_links":{"self":[{"href":"https:\/\/radionos.com\/site\/wp-json\/wp\/v2\/pages\/244","targetHints":{"allow":["GET"]}}],"collection":[{"href":"https:\/\/radionos.com\/site\/wp-json\/wp\/v2\/pages"}],"about":[{"href":"https:\/\/radionos.com\/site\/wp-json\/wp\/v2\/types\/page"}],"author":[{"embeddable":true,"href":"https:\/\/radionos.com\/site\/wp-json\/wp\/v2\/users\/1"}],"replies":[{"embeddable":true,"href":"https:\/\/radionos.com\/site\/wp-json\/wp\/v2\/comments?post=244"}],"version-history":[{"count":21,"href":"https:\/\/radionos.com\/site\/wp-json\/wp\/v2\/pages\/244\/revisions"}],"predecessor-version":[{"id":2293,"href":"https:\/\/radionos.com\/site\/wp-json\/wp\/v2\/pages\/244\/revisions\/2293"}],"wp:featuredmedia":[{"embeddable":true,"href":"https:\/\/radionos.com\/site\/wp-json\/wp\/v2\/media\/1505"}],"wp:attachment":[{"href":"https:\/\/radionos.com\/site\/wp-json\/wp\/v2\/media?parent=244"}],"curies":[{"name":"wp","href":"https:\/\/api.w.org\/{rel}","templated":true}]}}