{"id":240,"date":"2017-01-28T15:47:17","date_gmt":"2017-01-28T18:47:17","guid":{"rendered":"http:\/\/radionos.com.br\/wp\/?page_id=240"},"modified":"2024-12-27T14:12:07","modified_gmt":"2024-12-27T17:12:07","slug":"world-music-channel","status":"publish","type":"page","link":"https:\/\/radionos.com\/site\/world-music-channel\/","title":{"rendered":"World Music Channel"},"content":{"rendered":"<div class=\"wp-block-image\">\n<figure class=\"aligncenter\"><a href=\"https:\/\/radionos.com.br\/site\/wp-content\/uploads\/2024\/08\/p11.png\"><img decoding=\"async\" width=\"229\" height=\"158\" src=\"https:\/\/radionos.com.br\/site\/wp-content\/uploads\/2024\/08\/p11.png\" alt=\"\" class=\"wp-image-2011\"\/><\/a><\/figure>\n<\/div>\n\n\n<script>\n\t\tjQuery(function() {\nsetTimeout(function(){\n\t\t\tjQuery(\"#lbg_audio5_html5_shoutcast_12\").audio5_html5({\n\t\t\t\tskin:\"whiteControllers\",\n\t\t\t\tplayerWidth:5000,\n\t\t\t\tresponsive:true,\n\t\t\t\tinitialVolume:1,\n\t\t\t\tautoPlay:true,\n\t\t\t\tvolumeOffColor:\"#454545\",\n\t\t\t\tvolumeOnColor:\"#FFFFFF\",\n\t\t\t\tsongTitleColor:\"#d6d2d6\",\n\t\t\t\tradioStationColor:\"#d6d2d6\",\n\t\t\t\tframeBehindPlayerColor:\"#000000\",\n\t\t\t\timageBorderWidth:4,\n\t\t\t\timageBorderColor:\"#000000\",\n\t\t\t\tshowVolume:true,\n\t\t\t\tshowRadioStation:true,\n\t\t\t\tshowTitle:true,\n\t\t\t\tshowNextPrevBut:false,\n\t\t\t\tautoHidePlayButton:false,\n\t\t\t\tshowFacebookBut:false,\n\t\t\t\tfacebookAppID:\"377545175935780\",\n\t\t\t\tfacebookShareTitle:\"Listen now RadioNOS.com\",\n\t\t\t\tfacebookShareDescription:\"O que n\u00e3o se ouve por a\u00ed...\",\n\t\t\t\tshowTwitterBut:false,\n\t\t\t\tbeneathTitleBackgroundColor_VisiblePlaylist:\"#11111c\",\n\t\t\t\tbeneathTitleBackgroundOpacity_VisiblePlaylist:100,\n\t\t\t\tbeneathTitleBackgroundColor_HiddenPlaylist:\"#11111c\",\n\t\t\t\tbeneathTitleBackgroundOpacity_HiddenPlaylist:100,\n\t\t\t\tbeneathTitleBackgroundBorderColor:\"#000000\",\n\t\t\t\tbeneathTitleBackgroundBorderWidth:3,\n\t\t\t\ttranslateRadioStation:\"Canal: \",\n\t\t\t\ttranslateSongTitle:\"Tocando agora: \",\n\t\t\t\ttranslateReadingData:\"lendo dados...\",\n\t\t\t\ttranslateAllRadioStations:\"TODOS OS CANAIS\",\n\t\t\t\tshowPlaylistBut:false,\n\t\t\t\tshowPlaylist:true,\n\t\t\t\tshowPlaylistOnInit:false,\n\t\t\t\tplaylistTopPos:5,\n\t\t\t\tplaylistBgColor:\"#c55151\",\n\t\t\t\tplaylistRecordBgOffColor:\"#000000\",\n\t\t\t\tplaylistRecordBgOnColor:\"#000000\",\n\t\t\t\tplaylistRecordBottomBorderOffColor:\"#333333\",\n\t\t\t\tplaylistRecordBottomBorderOnColor:\"#4d4d4d\",\n\t\t\t\tplaylistRecordTextOffColor:\"#777777\",\n\t\t\t\tplaylistRecordTextOnColor:\"#00b4f9\",\n\t\t\t\tcategoryRecordBgOffColor:\"#000000\",\n\t\t\t\tcategoryRecordBgOnColor:\"#252525\",\n\t\t\t\tcategoryRecordBottomBorderOffColor:\"#2f2f2f\",\n\t\t\t\tcategoryRecordBottomBorderOnColor:\"#2f2f2f\",\n\t\t\t\tcategoryRecordTextOffColor:\"#777777\",\n\t\t\t\tcategoryRecordTextOnColor:\"#00b4f9\",\n\t\t\t\tnumberOfThumbsPerScreen:7,\n\t\t\t\tplaylistPadding:18,\n\t\t\t\tfirstCateg:\"\",\n\t\t\t\tshowCategories:false,\n\t\t\t\tselectedCategBg:\"#000000\",\n\t\t\t\tselectedCategOffColor:\"#FFFFFF\",\n\t\t\t\tselectedCategOnColor:\"#00b4f9\",\n\t\t\t\tselectedCategMarginBottom:12,\n\t\t\t\tshowSearchArea:false,\n\t\t\t\tsearchAreaBg:\"#000000\",\n\t\t\t\tsearchInputText:\"search...\",\n\t\t\t\tsearchInputBg:\"#ffffff\",\n\t\t\t\tsearchInputBorderColor:\"#333333\",\n\t\t\t    searchInputTextColor:\"#333333\",\n\t\t\t\tshowPlaylistNumber:false,\n\t\t\t\tpathToAjaxFiles:\"https:\/\/radionos.com\/site\/wp-content\/plugins\/lbg-audio5-html5-shoutcast_sticky\/audio5_html5\/\",\n\t\t\t\tnowPlayingInterval:15,\n\t\t\t\tgrabLastFmPhoto:true,\n\t\t\t\tgrabStreamnameAndGenre:false,\n\t\t\t\tnoImageAvailable:\"https:\/\/radionos.com\/site\/wp-content\/uploads\/2022\/01\/ICONE-NOS-1.png\",\n\t\t\t\tshowHeadphone:false,\n\t\t\t\tnextPrevAdditionalPadding:-5,\n\t\t\t\tminButtonColor:\"#a890a8\"\n\t\t\t});\n}, 0);\n\t\t});\n\t<\/script>\n    <div class=\"audio5_html5_sticky\">\n\t\t<div class=\"audio5_html5\">\n            <div id=\"lbg_audio5_html5_shoutcast_12\">\n                  <div class=\"xaudioplaylist\"><ul>\n                \t<li class=\"xradiostream\">https:\/\/nos.radio.br:443\/stream\/12\/;<\/li><li class=\"xassociatedpageurl\"><\/li><li class=\"xstation\">World Music Channel<\/li>        <\/ul><\/div>\n            <\/div>\n     <\/div>\n\t<br style=\"clear:both;\">\n\t<div class=\"audio5_html5_min audio5_html5_arrow_down\"><\/div>\n\n  <\/div>  \n\n\n\n<p>World Music (M\u00fasica no Mundo)&nbsp;refere-se \u00e0 m\u00fasica tradicional ou m\u00fasica folcl\u00f3rica de uma cultura criada e tocada por m\u00fasicos relacionados a essa cultura. O termo foi concebido por Robert E. Brown no in\u00edcio da d\u00e9cada de 1960, significando uma am\u00e1lgama de artes c\u00eanicas elaboradas de modo a promover a harmonia e o entendimento entre culturas. O expoente m\u00e1ximo da M\u00fasica do Mundo, segundo a vis\u00e3o de Brown, era aprender as dan\u00e7as e estilos musicais executando-os.<\/p>\n\n\n\n<p>O termo World Music ganhou proje\u00e7\u00e3o internacional a partir da d\u00e9cada de 1980, gra\u00e7as a utiliza\u00e7\u00e3o de elementos musicais pouco conhecidos do p\u00fablico de cultura anglo-sax\u00f3nica em geral. Sua utiliza\u00e7\u00e3o na m\u00fasica pop se deu pelas m\u00e3os de artistas como Peter Gabriel (que fez parceria com o artista paquistan\u00eas Nusrat Fateh Ali Khan e com o senegal\u00eas Youssou N&#8217;Dour) e David Byrne (respons\u00e1vel pela proje\u00e7\u00e3o internacional de Tom Z\u00e9, lan\u00e7ando no mercado americano o seu \u00e1lbum Estudando o Samba). Um outro colaborador importante foi George Harrison, que nas d\u00e9cadas de 1960 e 1970 trouxe ao mundo do rock a sitar indiana (tornando-se amigo de Ravi Shankar). Nos Estados Unidos se deu por artistas de blues como Taj Mahal. Um representante muito importante da &#8220;pop world music&#8221; no Brasil \u00e9 Andr\u00e9 Abujamra, que tem uma extensa obra dedicada \u00e0 pesquisa e divulga\u00e7\u00e3o da diversidade cultural.<\/p>\n\n\n\n<p>Dado o seu reconhecimento, hoje o Grammy conta com uma categoria espec\u00edfica para a World Music, na qual artistas brasileiros como Gilberto Gil e S\u00e9rgio Mendes j\u00e1 foram premiados.<\/p>\n\n\n\n<p>Quer saber mais?<\/p>\n\n\n\n<p><a href=\"https:\/\/en.wikipedia.org\/wiki\/World_music\">https:\/\/en.wikipedia.org\/wiki\/World_music<\/a><\/p>\n\n\n\n<div><iframe src=\"https:\/\/www.nos.com.br\/GetPlayedHistory.php?hist=stream12.xml&amp;name=World-Music\" width=\"640\" height=\"300\"><\/iframe><\/div>\n\n\n\n<div id=\"Comentarios\">\n<p>Sua opini\u00e3o \u00e9 importante: diga-nos o que acha do World Music Channel da RadioNOS ?<\/p>\n<\/div>\n","protected":false},"excerpt":{"rendered":"<p>World Music (M\u00fasica no Mundo)&nbsp;refere-se \u00e0 m\u00fasica tradicional ou m\u00fasica folcl\u00f3rica de uma cultura criada e tocada por m\u00fasicos relacionados a essa cultura. O termo foi concebido por Robert E. Brown no in\u00edcio da d\u00e9cada de 1960, significando uma am\u00e1lgama de artes c\u00eanicas elaboradas de modo a promover a harmonia e o entendimento entre&hellip; <a class=\"read-more-link\" href=\"https:\/\/radionos.com\/site\/world-music-channel\/\">(mais)<\/a><\/p>\n","protected":false},"author":1,"featured_media":1502,"parent":0,"menu_order":0,"comment_status":"closed","ping_status":"closed","template":"","meta":{"_eb_attr":"","_monsterinsights_skip_tracking":false,"_monsterinsights_sitenote_active":false,"_monsterinsights_sitenote_note":"","_monsterinsights_sitenote_category":0,"footnotes":""},"class_list":["post-240","page","type-page","status-publish","has-post-thumbnail","hentry"],"jetpack_sharing_enabled":true,"_links":{"self":[{"href":"https:\/\/radionos.com\/site\/wp-json\/wp\/v2\/pages\/240","targetHints":{"allow":["GET"]}}],"collection":[{"href":"https:\/\/radionos.com\/site\/wp-json\/wp\/v2\/pages"}],"about":[{"href":"https:\/\/radionos.com\/site\/wp-json\/wp\/v2\/types\/page"}],"author":[{"embeddable":true,"href":"https:\/\/radionos.com\/site\/wp-json\/wp\/v2\/users\/1"}],"replies":[{"embeddable":true,"href":"https:\/\/radionos.com\/site\/wp-json\/wp\/v2\/comments?post=240"}],"version-history":[{"count":13,"href":"https:\/\/radionos.com\/site\/wp-json\/wp\/v2\/pages\/240\/revisions"}],"predecessor-version":[{"id":2222,"href":"https:\/\/radionos.com\/site\/wp-json\/wp\/v2\/pages\/240\/revisions\/2222"}],"wp:featuredmedia":[{"embeddable":true,"href":"https:\/\/radionos.com\/site\/wp-json\/wp\/v2\/media\/1502"}],"wp:attachment":[{"href":"https:\/\/radionos.com\/site\/wp-json\/wp\/v2\/media?parent=240"}],"curies":[{"name":"wp","href":"https:\/\/api.w.org\/{rel}","templated":true}]}}