{"id":238,"date":"2017-01-28T15:46:12","date_gmt":"2017-01-28T18:46:12","guid":{"rendered":"http:\/\/radionos.com.br\/wp\/?page_id=238"},"modified":"2025-08-21T21:06:20","modified_gmt":"2025-08-22T00:06:20","slug":"chorinho-cia-channel","status":"publish","type":"page","link":"https:\/\/radionos.com\/site\/chorinho-cia-channel\/","title":{"rendered":"Chorinho &#038; Cia Channel"},"content":{"rendered":"<p><img decoding=\"async\" class=\"size-full wp-image-2012 aligncenter\" src=\"\/site\/wp-content\/uploads\/2024\/08\/p12.png\" alt=\"\" width=\"224\" height=\"160\" \/><\/p>\n<script>\n\t\tjQuery(function() {\nsetTimeout(function(){\n\t\t\tjQuery(\"#lbg_audio5_html5_shoutcast_11\").audio5_html5({\n\t\t\t\tskin:\"whiteControllers\",\n\t\t\t\tplayerWidth:5000,\n\t\t\t\tresponsive:true,\n\t\t\t\tinitialVolume:1,\n\t\t\t\tautoPlay:true,\n\t\t\t\tvolumeOffColor:\"#454545\",\n\t\t\t\tvolumeOnColor:\"#FFFFFF\",\n\t\t\t\tsongTitleColor:\"#d6d2d6\",\n\t\t\t\tradioStationColor:\"#d6d2d6\",\n\t\t\t\tframeBehindPlayerColor:\"#000000\",\n\t\t\t\timageBorderWidth:4,\n\t\t\t\timageBorderColor:\"#000000\",\n\t\t\t\tshowVolume:true,\n\t\t\t\tshowRadioStation:true,\n\t\t\t\tshowTitle:true,\n\t\t\t\tshowNextPrevBut:false,\n\t\t\t\tautoHidePlayButton:false,\n\t\t\t\tshowFacebookBut:false,\n\t\t\t\tfacebookAppID:\"377545175935780\",\n\t\t\t\tfacebookShareTitle:\"Listen now RadioNOS.com\",\n\t\t\t\tfacebookShareDescription:\"O que n\u00e3o se ouve por a\u00ed...\",\n\t\t\t\tshowTwitterBut:false,\n\t\t\t\tbeneathTitleBackgroundColor_VisiblePlaylist:\"#11111c\",\n\t\t\t\tbeneathTitleBackgroundOpacity_VisiblePlaylist:100,\n\t\t\t\tbeneathTitleBackgroundColor_HiddenPlaylist:\"#11111c\",\n\t\t\t\tbeneathTitleBackgroundOpacity_HiddenPlaylist:100,\n\t\t\t\tbeneathTitleBackgroundBorderColor:\"#000000\",\n\t\t\t\tbeneathTitleBackgroundBorderWidth:3,\n\t\t\t\ttranslateRadioStation:\"Canal: \",\n\t\t\t\ttranslateSongTitle:\"Tocando agora: \",\n\t\t\t\ttranslateReadingData:\"lendo dados...\",\n\t\t\t\ttranslateAllRadioStations:\"TODOS OS CANAIS\",\n\t\t\t\tshowPlaylistBut:false,\n\t\t\t\tshowPlaylist:true,\n\t\t\t\tshowPlaylistOnInit:false,\n\t\t\t\tplaylistTopPos:5,\n\t\t\t\tplaylistBgColor:\"#c55151\",\n\t\t\t\tplaylistRecordBgOffColor:\"#000000\",\n\t\t\t\tplaylistRecordBgOnColor:\"#000000\",\n\t\t\t\tplaylistRecordBottomBorderOffColor:\"#333333\",\n\t\t\t\tplaylistRecordBottomBorderOnColor:\"#4d4d4d\",\n\t\t\t\tplaylistRecordTextOffColor:\"#777777\",\n\t\t\t\tplaylistRecordTextOnColor:\"#00b4f9\",\n\t\t\t\tcategoryRecordBgOffColor:\"#000000\",\n\t\t\t\tcategoryRecordBgOnColor:\"#252525\",\n\t\t\t\tcategoryRecordBottomBorderOffColor:\"#2f2f2f\",\n\t\t\t\tcategoryRecordBottomBorderOnColor:\"#2f2f2f\",\n\t\t\t\tcategoryRecordTextOffColor:\"#777777\",\n\t\t\t\tcategoryRecordTextOnColor:\"#00b4f9\",\n\t\t\t\tnumberOfThumbsPerScreen:7,\n\t\t\t\tplaylistPadding:18,\n\t\t\t\tfirstCateg:\"\",\n\t\t\t\tshowCategories:false,\n\t\t\t\tselectedCategBg:\"#000000\",\n\t\t\t\tselectedCategOffColor:\"#FFFFFF\",\n\t\t\t\tselectedCategOnColor:\"#00b4f9\",\n\t\t\t\tselectedCategMarginBottom:12,\n\t\t\t\tshowSearchArea:false,\n\t\t\t\tsearchAreaBg:\"#000000\",\n\t\t\t\tsearchInputText:\"search...\",\n\t\t\t\tsearchInputBg:\"#ffffff\",\n\t\t\t\tsearchInputBorderColor:\"#333333\",\n\t\t\t    searchInputTextColor:\"#333333\",\n\t\t\t\tshowPlaylistNumber:false,\n\t\t\t\tpathToAjaxFiles:\"https:\/\/radionos.com\/site\/wp-content\/plugins\/lbg-audio5-html5-shoutcast_sticky\/audio5_html5\/\",\n\t\t\t\tnowPlayingInterval:15,\n\t\t\t\tgrabLastFmPhoto:true,\n\t\t\t\tgrabStreamnameAndGenre:true,\n\t\t\t\tnoImageAvailable:\"https:\/\/radionos.com\/site\/wp-content\/uploads\/2022\/01\/ICONE-NOS-1.png\",\n\t\t\t\tshowHeadphone:false,\n\t\t\t\tnextPrevAdditionalPadding:-5,\n\t\t\t\tminButtonColor:\"#a890a8\"\n\t\t\t});\n}, 0);\n\t\t});\n\t<\/script>\n    <div class=\"audio5_html5_sticky\">\n\t\t<div class=\"audio5_html5\">\n            <div id=\"lbg_audio5_html5_shoutcast_11\">\n                  <div class=\"xaudioplaylist\"><ul>\n                \t<li class=\"xradiostream\">https:\/\/nos.radio.br:443\/stream\/11\/;<\/li><li class=\"xassociatedpageurl\"><\/li><li class=\"xstation\">Chorinho & Cia Channel<\/li>        <\/ul><\/div>\n            <\/div>\n     <\/div>\n\t<br style=\"clear:both;\">\n\t<div class=\"audio5_html5_min audio5_html5_arrow_down\"><\/div>\n\n  <\/div>  \n<p>O choro, popularmente chamado de &#8216;<strong>chorinho&#8217;<\/strong>, \u00e9 um g\u00eanero de m\u00fasica popular e instrumental brasileira, que surgiu no Rio de Janeiro em meados do s\u00e9culo XIX.<\/p>\n<p>O choro pode ser considerado como a primeira m\u00fasica urbana tipicamente brasileira e ao longo dos anos se transformou em um dos g\u00eaneros mais prestigiados da m\u00fasica popular nacional, reconhecido em excel\u00eancia e requinte. Tem como origens estil\u00edsticas o lundu, ritmo de inspira\u00e7\u00e3o africana \u00e0 base de percuss\u00e3o, com g\u00eaneros europeus. A composi\u00e7\u00e3o instrumental dos primeiros grupos de choro era baseada na trinca flauta, viol\u00e3o e cavaquinho &#8211; a esse n\u00facleo inicial do choro tamb\u00e9m se chamava pau e corda, por serem de \u00e9bano as flautas usadas, mas com o desenvolvimento do g\u00eanero, outros instrumentos de corda e sopro foram incorporados.<\/p>\n<p>O choro \u00e9 visto como o recurso do qual se utilizou o m\u00fasico popular para executar, ao seu estilo, a m\u00fasica importada e consumida nos sal\u00f5es e bailes da alta sociedade do Imp\u00e9rio a partir da metade do s\u00e9culo XIX. Sob o impulso criador e improvisado dos chor\u00f5es, logo a m\u00fasica resultante perdeu as caracter\u00edsticas dos seus pa\u00edses origin\u00e1rios e adquiriu fei\u00e7\u00f5es genuinamente brasileiras. A improvisa\u00e7\u00e3o \u00e9 condi\u00e7\u00e3o b\u00e1sica do bom chor\u00e3o, termo ao qual passou a ser conhecido ao m\u00fasico integrante do choro, bem como requer uma alta virtuosidade de seus int\u00e9rpretes, cuja t\u00e9cnica de composi\u00e7\u00e3o n\u00e3o deve dispensar o uso de modula\u00e7\u00f5es imprevistas e armadas com o prop\u00f3sito de desafiar e a capacidade ou o senso polif\u00f4nico dos acompanhantes. Al\u00e9m disso, admite uma grande variedade na composi\u00e7\u00e3o instrumental de cada conjunto e comporta a participa\u00e7\u00e3o de um grande n\u00famero de participantes, sem prefixar seu n\u00famero.<\/p>\n<p>Os primeiros conjuntos de choro surgiram por volta da d\u00e9cada de 1870, nascidos nas biroscas do bairro Cidade Nova e nos quintais dos sub\u00farbios cariocas. O flautista e compositor Joaquim Ant\u00f4nio da Silva Calado, os pianistas Ernesto Nazareth e Chiquinha Gonzaga, e o maestro Anacleto de Medeiros compuseram quadrilhas, polcas, tangos, maxixes, xotes e marchas, estabelecendo os pilares do choro e da m\u00fasica popular carioca da virada do s\u00e9culo XIX para o s\u00e9culo XX, que com a difus\u00e3o de bandas de m\u00fasica e do r\u00e1dio foi ganhando todo o territ\u00f3rio nacional.<\/p>\n<p>Herdeiro de toda essa tradi\u00e7\u00e3o musical, Pixinguinha (Alfredo da Rocha Vianna Filho, conhecido como Pixinguinha (Rio de Janeiro, 23 de abril de 1897 \u2014 Rio de Janeiro, 17 de fevereiro de 1973), foi um flautista, saxofonista, compositor e arranjador brasileiro) consolidou o choro como g\u00eanero musical, levando o virtuosismo na flauta e aperfei\u00e7oando a linguagem do contraponto com seu saxofone e organizou in\u00fameros grupos musicais, tornando-se o maior compositor de choro.<\/p>\n<p>Para saber mais:<br \/>\n<a href=\"https:\/\/pt.wikipedia.org\/wiki\/Choro\">https:\/\/pt.wikipedia.org\/wiki\/Choro<\/a><\/p>\n<p><strong>\u00daltimas tocadas no Chorinho e Cia Channel<\/strong><\/p>\n<div><iframe src=\"https:\/\/www.nos.com.br\/GetPlayedHistory.php?hist=stream11.xml&amp;name=Chorinho-Cia\" width=\"640\" height=\"300\"><\/iframe><\/div>\n<p>Sua opini\u00e3o \u00e9 importante: diga-nos o que acha do Chorinho e Cia da RadioNOS ?<\/p>\n<p>O Melhor em CREATIVE COMMONS Music, M\u00fasicas de dom\u00ednio p\u00fablico, Independentes e Royalty Free &#8211; O que n\u00e3o se ouve por a\u00ed.<\/p>\n","protected":false},"excerpt":{"rendered":"<p>O choro, popularmente chamado de &#8216;chorinho&#8217;, \u00e9 um g\u00eanero de m\u00fasica popular e instrumental brasileira, que surgiu no Rio de Janeiro em meados do s\u00e9culo XIX. O choro pode ser considerado como a primeira m\u00fasica urbana tipicamente brasileira e ao longo dos anos se transformou em um dos g\u00eaneros mais prestigiados da m\u00fasica popular&hellip; <a class=\"read-more-link\" href=\"https:\/\/radionos.com\/site\/chorinho-cia-channel\/\">(mais)<\/a><\/p>\n","protected":false},"author":1,"featured_media":1506,"parent":0,"menu_order":0,"comment_status":"closed","ping_status":"closed","template":"","meta":{"_eb_attr":"","_monsterinsights_skip_tracking":false,"_monsterinsights_sitenote_active":false,"_monsterinsights_sitenote_note":"","_monsterinsights_sitenote_category":0,"footnotes":""},"class_list":["post-238","page","type-page","status-publish","has-post-thumbnail","hentry"],"jetpack_sharing_enabled":true,"_links":{"self":[{"href":"https:\/\/radionos.com\/site\/wp-json\/wp\/v2\/pages\/238","targetHints":{"allow":["GET"]}}],"collection":[{"href":"https:\/\/radionos.com\/site\/wp-json\/wp\/v2\/pages"}],"about":[{"href":"https:\/\/radionos.com\/site\/wp-json\/wp\/v2\/types\/page"}],"author":[{"embeddable":true,"href":"https:\/\/radionos.com\/site\/wp-json\/wp\/v2\/users\/1"}],"replies":[{"embeddable":true,"href":"https:\/\/radionos.com\/site\/wp-json\/wp\/v2\/comments?post=238"}],"version-history":[{"count":23,"href":"https:\/\/radionos.com\/site\/wp-json\/wp\/v2\/pages\/238\/revisions"}],"predecessor-version":[{"id":2294,"href":"https:\/\/radionos.com\/site\/wp-json\/wp\/v2\/pages\/238\/revisions\/2294"}],"wp:featuredmedia":[{"embeddable":true,"href":"https:\/\/radionos.com\/site\/wp-json\/wp\/v2\/media\/1506"}],"wp:attachment":[{"href":"https:\/\/radionos.com\/site\/wp-json\/wp\/v2\/media?parent=238"}],"curies":[{"name":"wp","href":"https:\/\/api.w.org\/{rel}","templated":true}]}}