{"id":236,"date":"2017-01-28T15:44:53","date_gmt":"2017-01-28T18:44:53","guid":{"rendered":"http:\/\/radionos.com.br\/wp\/?page_id=236"},"modified":"2024-08-10T22:51:58","modified_gmt":"2024-08-11T01:51:58","slug":"relaxing-channel","status":"publish","type":"page","link":"https:\/\/radionos.com\/site\/relaxing-channel\/","title":{"rendered":"Relaxing Channel"},"content":{"rendered":"<p><a href=\"https:\/\/radionos.com.br\/site\/wp-content\/uploads\/2024\/08\/p20.png\"><img fetchpriority=\"high\" decoding=\"async\" class=\" wp-image-2020 aligncenter\" src=\"https:\/\/radionos.com.br\/site\/wp-content\/uploads\/2024\/08\/p20.png\" alt=\"\" width=\"352\" height=\"257\" \/><\/a><\/p>\n<script>\n\t\tjQuery(function() {\nsetTimeout(function(){\n\t\t\tjQuery(\"#lbg_audio5_html5_shoutcast_10\").audio5_html5({\n\t\t\t\tskin:\"whiteControllers\",\n\t\t\t\tplayerWidth:5000,\n\t\t\t\tresponsive:true,\n\t\t\t\tinitialVolume:1,\n\t\t\t\tautoPlay:true,\n\t\t\t\tvolumeOffColor:\"#454545\",\n\t\t\t\tvolumeOnColor:\"#FFFFFF\",\n\t\t\t\tsongTitleColor:\"#d6d2d6\",\n\t\t\t\tradioStationColor:\"#d6d2d6\",\n\t\t\t\tframeBehindPlayerColor:\"#000000\",\n\t\t\t\timageBorderWidth:4,\n\t\t\t\timageBorderColor:\"#000000\",\n\t\t\t\tshowVolume:true,\n\t\t\t\tshowRadioStation:true,\n\t\t\t\tshowTitle:true,\n\t\t\t\tshowNextPrevBut:false,\n\t\t\t\tautoHidePlayButton:false,\n\t\t\t\tshowFacebookBut:false,\n\t\t\t\tfacebookAppID:\"377545175935780\",\n\t\t\t\tfacebookShareTitle:\"Listen now RadioNOS.com\",\n\t\t\t\tfacebookShareDescription:\"O que n\u00e3o se ouve por a\u00ed...\",\n\t\t\t\tshowTwitterBut:false,\n\t\t\t\tbeneathTitleBackgroundColor_VisiblePlaylist:\"#11111c\",\n\t\t\t\tbeneathTitleBackgroundOpacity_VisiblePlaylist:100,\n\t\t\t\tbeneathTitleBackgroundColor_HiddenPlaylist:\"#11111c\",\n\t\t\t\tbeneathTitleBackgroundOpacity_HiddenPlaylist:100,\n\t\t\t\tbeneathTitleBackgroundBorderColor:\"#000000\",\n\t\t\t\tbeneathTitleBackgroundBorderWidth:3,\n\t\t\t\ttranslateRadioStation:\"Canal: \",\n\t\t\t\ttranslateSongTitle:\"Tocando agora: \",\n\t\t\t\ttranslateReadingData:\"lendo dados...\",\n\t\t\t\ttranslateAllRadioStations:\"TODOS OS CANAIS\",\n\t\t\t\tshowPlaylistBut:false,\n\t\t\t\tshowPlaylist:true,\n\t\t\t\tshowPlaylistOnInit:false,\n\t\t\t\tplaylistTopPos:5,\n\t\t\t\tplaylistBgColor:\"#c55151\",\n\t\t\t\tplaylistRecordBgOffColor:\"#000000\",\n\t\t\t\tplaylistRecordBgOnColor:\"#000000\",\n\t\t\t\tplaylistRecordBottomBorderOffColor:\"#333333\",\n\t\t\t\tplaylistRecordBottomBorderOnColor:\"#4d4d4d\",\n\t\t\t\tplaylistRecordTextOffColor:\"#777777\",\n\t\t\t\tplaylistRecordTextOnColor:\"#00b4f9\",\n\t\t\t\tcategoryRecordBgOffColor:\"#000000\",\n\t\t\t\tcategoryRecordBgOnColor:\"#252525\",\n\t\t\t\tcategoryRecordBottomBorderOffColor:\"#2f2f2f\",\n\t\t\t\tcategoryRecordBottomBorderOnColor:\"#2f2f2f\",\n\t\t\t\tcategoryRecordTextOffColor:\"#777777\",\n\t\t\t\tcategoryRecordTextOnColor:\"#00b4f9\",\n\t\t\t\tnumberOfThumbsPerScreen:7,\n\t\t\t\tplaylistPadding:18,\n\t\t\t\tfirstCateg:\"\",\n\t\t\t\tshowCategories:false,\n\t\t\t\tselectedCategBg:\"#000000\",\n\t\t\t\tselectedCategOffColor:\"#FFFFFF\",\n\t\t\t\tselectedCategOnColor:\"#00b4f9\",\n\t\t\t\tselectedCategMarginBottom:12,\n\t\t\t\tshowSearchArea:false,\n\t\t\t\tsearchAreaBg:\"#000000\",\n\t\t\t\tsearchInputText:\"search...\",\n\t\t\t\tsearchInputBg:\"#ffffff\",\n\t\t\t\tsearchInputBorderColor:\"#333333\",\n\t\t\t    searchInputTextColor:\"#333333\",\n\t\t\t\tshowPlaylistNumber:false,\n\t\t\t\tpathToAjaxFiles:\"https:\/\/radionos.com\/site\/wp-content\/plugins\/lbg-audio5-html5-shoutcast_sticky\/audio5_html5\/\",\n\t\t\t\tnowPlayingInterval:15,\n\t\t\t\tgrabLastFmPhoto:true,\n\t\t\t\tgrabStreamnameAndGenre:false,\n\t\t\t\tnoImageAvailable:\"https:\/\/radionos.com\/site\/wp-content\/uploads\/2022\/01\/ICONE-NOS-1.png\",\n\t\t\t\tshowHeadphone:false,\n\t\t\t\tnextPrevAdditionalPadding:-5,\n\t\t\t\tminButtonColor:\"#a890a8\"\n\t\t\t});\n}, 0);\n\t\t});\n\t<\/script>\n    <div class=\"audio5_html5_sticky\">\n\t\t<div class=\"audio5_html5\">\n            <div id=\"lbg_audio5_html5_shoutcast_10\">\n                  <div class=\"xaudioplaylist\"><ul>\n                \t<li class=\"xradiostream\">https:\/\/nos.radio.br:443\/stream\/10\/;<\/li><li class=\"xassociatedpageurl\"><\/li><li class=\"xstation\">Relaxing Channel<\/li>        <\/ul><\/div>\n            <\/div>\n     <\/div>\n\t<br style=\"clear:both;\">\n\t<div class=\"audio5_html5_min audio5_html5_arrow_down\"><\/div>\n\n  <\/div>  \n<p>A terapia do som \u00e9 algo que foi usado por muito tempo nas antigas tradi\u00e7\u00f5es e culturas orientais, com a qual, utilizando-se de temas m\u00edsticos ou religiosos, transportavam o ouvinte do meio f\u00edsico em que estavam para outros lugares virtuais.<\/p>\n<p>Atualmente o conceito de musica para relaxar \u00e9 conhecido como Chill out ou chillout, que \u00e9 um estilo de m\u00fasica eletr\u00f4nica relaxante, mas tambem \u00e9 um termo usado pra se referir a um tipo de m\u00fasica relaxante apenas (n\u00e3o apenas eletr\u00f4nica). &#8220;Chill out&#8221; \u00e9 um termo da l\u00edngua inglesa que significa &#8220;relaxar totalmente&#8221;, &#8220;n\u00e3o deixar que as coisas te incomodem&#8221;.<\/p>\n<p>Musicas de relaxamento podem incluir diversos g\u00eaneros de musicas &#8220;tranquilas&#8221;, desde que tenham o objetivo de fazer o ouvinte a esquecer o local em que est\u00e1, soltar e descansar a mente, induzindo-o at\u00e9 mesmo ao sono, ou a atividades que necessitem foco, como o estudo, utilizando ritmos espec\u00edficos, tons, frequ\u00eancias e intervalos estrategicamente colocados para elevar o relaxamento do ouvinte. Um ritmo cont\u00ednuo e lento faz com que as ondas cerebrais e batimentos card\u00edacos sincronizem com o ritmo: um processo conhecido como \u2018arrastamento\u2019. Tons baixos subjacentes e graves relaxam o ouvinte e um chiado baixo com qualidade de transe leva o ouvinte em um estado ainda mais profundo de calma.<\/p>\n<p>Para saber mais:<br \/>\n<a href=\"https:\/\/en.wikipedia.org\/wiki\/Chill-out_music\">https:\/\/en.wikipedia.org\/wiki\/Chill-out_music<\/a><br \/>\n<a href=\"https:\/\/top10mais.org\/top-10-melhores-musicas-para-relaxar-de-todos-os-tempos\/\">https:\/\/top10mais.org\/top-10-melhores-musicas-para-relaxar-de-todos-os-tempos\/<\/a><\/p>\n<div><iframe src=\"https:\/\/www.nos.com.br\/GetPlayedHistory.php?hist=stream10.xml&amp;name=Relaxing\" width=\"640\" height=\"300\"><\/iframe><\/div>\n<p>Sua opini\u00e3o \u00e9 importante: diga-nos o que acha do Relaxing Channel da RadioNOS ?<\/p>\n","protected":false},"excerpt":{"rendered":"<p>A terapia do som \u00e9 algo que foi usado por muito tempo nas antigas tradi\u00e7\u00f5es e culturas orientais, com a qual, utilizando-se de temas m\u00edsticos ou religiosos, transportavam o ouvinte do meio f\u00edsico em que estavam para outros lugares virtuais. Atualmente o conceito de musica para relaxar \u00e9 conhecido como Chill out ou chillout,&hellip; <a class=\"read-more-link\" href=\"https:\/\/radionos.com\/site\/relaxing-channel\/\">(mais)<\/a><\/p>\n","protected":false},"author":1,"featured_media":1501,"parent":0,"menu_order":0,"comment_status":"closed","ping_status":"closed","template":"","meta":{"_eb_attr":"","_monsterinsights_skip_tracking":false,"_monsterinsights_sitenote_active":false,"_monsterinsights_sitenote_note":"","_monsterinsights_sitenote_category":0,"footnotes":""},"class_list":["post-236","page","type-page","status-publish","has-post-thumbnail","hentry"],"jetpack_sharing_enabled":true,"_links":{"self":[{"href":"https:\/\/radionos.com\/site\/wp-json\/wp\/v2\/pages\/236","targetHints":{"allow":["GET"]}}],"collection":[{"href":"https:\/\/radionos.com\/site\/wp-json\/wp\/v2\/pages"}],"about":[{"href":"https:\/\/radionos.com\/site\/wp-json\/wp\/v2\/types\/page"}],"author":[{"embeddable":true,"href":"https:\/\/radionos.com\/site\/wp-json\/wp\/v2\/users\/1"}],"replies":[{"embeddable":true,"href":"https:\/\/radionos.com\/site\/wp-json\/wp\/v2\/comments?post=236"}],"version-history":[{"count":13,"href":"https:\/\/radionos.com\/site\/wp-json\/wp\/v2\/pages\/236\/revisions"}],"predecessor-version":[{"id":2052,"href":"https:\/\/radionos.com\/site\/wp-json\/wp\/v2\/pages\/236\/revisions\/2052"}],"wp:featuredmedia":[{"embeddable":true,"href":"https:\/\/radionos.com\/site\/wp-json\/wp\/v2\/media\/1501"}],"wp:attachment":[{"href":"https:\/\/radionos.com\/site\/wp-json\/wp\/v2\/media?parent=236"}],"curies":[{"name":"wp","href":"https:\/\/api.w.org\/{rel}","templated":true}]}}