{"id":234,"date":"2017-01-28T15:43:49","date_gmt":"2017-01-28T18:43:49","guid":{"rendered":"http:\/\/radionos.com.br\/wp\/?page_id=234"},"modified":"2025-08-21T21:09:43","modified_gmt":"2025-08-22T00:09:43","slug":"experimental-channel","status":"publish","type":"page","link":"https:\/\/radionos.com\/site\/experimental-channel\/","title":{"rendered":"Experimental Channel"},"content":{"rendered":"<div><img decoding=\"async\" class=\"size-full wp-image-2009 aligncenter\" src=\"\/site\/wp-content\/uploads\/2024\/08\/p9.png\" alt=\"\" width=\"236\" height=\"155\" \/><\/div>\n<div><\/div>\n<div><script>\n\t\tjQuery(function() {\nsetTimeout(function(){\n\t\t\tjQuery(\"#lbg_audio5_html5_shoutcast_9\").audio5_html5({\n\t\t\t\tskin:\"whiteControllers\",\n\t\t\t\tplayerWidth:5000,\n\t\t\t\tresponsive:true,\n\t\t\t\tinitialVolume:1,\n\t\t\t\tautoPlay:true,\n\t\t\t\tvolumeOffColor:\"#454545\",\n\t\t\t\tvolumeOnColor:\"#FFFFFF\",\n\t\t\t\tsongTitleColor:\"#d6d2d6\",\n\t\t\t\tradioStationColor:\"#d6d2d6\",\n\t\t\t\tframeBehindPlayerColor:\"#000000\",\n\t\t\t\timageBorderWidth:4,\n\t\t\t\timageBorderColor:\"#000000\",\n\t\t\t\tshowVolume:true,\n\t\t\t\tshowRadioStation:true,\n\t\t\t\tshowTitle:true,\n\t\t\t\tshowNextPrevBut:false,\n\t\t\t\tautoHidePlayButton:false,\n\t\t\t\tshowFacebookBut:false,\n\t\t\t\tfacebookAppID:\"377545175935780\",\n\t\t\t\tfacebookShareTitle:\"Listen now RadioNOS.com\",\n\t\t\t\tfacebookShareDescription:\"O que n\u00e3o se ouve por a\u00ed...\",\n\t\t\t\tshowTwitterBut:false,\n\t\t\t\tbeneathTitleBackgroundColor_VisiblePlaylist:\"#11111c\",\n\t\t\t\tbeneathTitleBackgroundOpacity_VisiblePlaylist:100,\n\t\t\t\tbeneathTitleBackgroundColor_HiddenPlaylist:\"#11111c\",\n\t\t\t\tbeneathTitleBackgroundOpacity_HiddenPlaylist:100,\n\t\t\t\tbeneathTitleBackgroundBorderColor:\"#000000\",\n\t\t\t\tbeneathTitleBackgroundBorderWidth:3,\n\t\t\t\ttranslateRadioStation:\"Canal: \",\n\t\t\t\ttranslateSongTitle:\"Tocando agora: \",\n\t\t\t\ttranslateReadingData:\"lendo dados...\",\n\t\t\t\ttranslateAllRadioStations:\"TODOS OS CANAIS\",\n\t\t\t\tshowPlaylistBut:false,\n\t\t\t\tshowPlaylist:true,\n\t\t\t\tshowPlaylistOnInit:false,\n\t\t\t\tplaylistTopPos:5,\n\t\t\t\tplaylistBgColor:\"#c55151\",\n\t\t\t\tplaylistRecordBgOffColor:\"#000000\",\n\t\t\t\tplaylistRecordBgOnColor:\"#000000\",\n\t\t\t\tplaylistRecordBottomBorderOffColor:\"#333333\",\n\t\t\t\tplaylistRecordBottomBorderOnColor:\"#4d4d4d\",\n\t\t\t\tplaylistRecordTextOffColor:\"#777777\",\n\t\t\t\tplaylistRecordTextOnColor:\"#00b4f9\",\n\t\t\t\tcategoryRecordBgOffColor:\"#000000\",\n\t\t\t\tcategoryRecordBgOnColor:\"#252525\",\n\t\t\t\tcategoryRecordBottomBorderOffColor:\"#2f2f2f\",\n\t\t\t\tcategoryRecordBottomBorderOnColor:\"#2f2f2f\",\n\t\t\t\tcategoryRecordTextOffColor:\"#777777\",\n\t\t\t\tcategoryRecordTextOnColor:\"#00b4f9\",\n\t\t\t\tnumberOfThumbsPerScreen:7,\n\t\t\t\tplaylistPadding:18,\n\t\t\t\tfirstCateg:\"\",\n\t\t\t\tshowCategories:false,\n\t\t\t\tselectedCategBg:\"#000000\",\n\t\t\t\tselectedCategOffColor:\"#FFFFFF\",\n\t\t\t\tselectedCategOnColor:\"#00b4f9\",\n\t\t\t\tselectedCategMarginBottom:12,\n\t\t\t\tshowSearchArea:false,\n\t\t\t\tsearchAreaBg:\"#000000\",\n\t\t\t\tsearchInputText:\"search...\",\n\t\t\t\tsearchInputBg:\"#ffffff\",\n\t\t\t\tsearchInputBorderColor:\"#333333\",\n\t\t\t    searchInputTextColor:\"#333333\",\n\t\t\t\tshowPlaylistNumber:false,\n\t\t\t\tpathToAjaxFiles:\"https:\/\/radionos.com\/site\/wp-content\/plugins\/lbg-audio5-html5-shoutcast_sticky\/audio5_html5\/\",\n\t\t\t\tnowPlayingInterval:15,\n\t\t\t\tgrabLastFmPhoto:true,\n\t\t\t\tgrabStreamnameAndGenre:false,\n\t\t\t\tnoImageAvailable:\"https:\/\/radionos.com\/site\/wp-content\/uploads\/2022\/01\/ICONE-NOS-1.png\",\n\t\t\t\tshowHeadphone:false,\n\t\t\t\tnextPrevAdditionalPadding:-5,\n\t\t\t\tminButtonColor:\"#a890a8\"\n\t\t\t});\n}, 0);\n\t\t});\n\t<\/script>\n    <div class=\"audio5_html5_sticky\">\n\t\t<div class=\"audio5_html5\">\n            <div id=\"lbg_audio5_html5_shoutcast_9\">\n                  <div class=\"xaudioplaylist\"><ul>\n                \t<li class=\"xradiostream\">https:\/\/nos.radio.br:443\/stream\/9\/;<\/li><li class=\"xassociatedpageurl\"><\/li><li class=\"xstation\">Experimental Channel<\/li>        <\/ul><\/div>\n            <\/div>\n     <\/div>\n\t<br style=\"clear:both;\">\n\t<div class=\"audio5_html5_min audio5_html5_arrow_down\"><\/div>\n\n  <\/div>  <\/div>\n<p>A M\u00fasica experimental \u00e9 um estilo musical inovador originado no s\u00e9culo XX, que desafiou as concep\u00e7\u00f5es normais de como uma m\u00fasica deveria ser e extrapolou os limites popularmente conhecidos. Dessa forma, h\u00e1 pouco acordo sobre qu\u00e3o experimental uma m\u00fasica poderia ser, antes de ser considerada apenas ru\u00eddo. Geralmente as bandas experimentais possuem instrumentos pouco conhecidos, modificados, ou utilizados de maneiras inovadoras; efeitos estranhos aplicados de maneiras n\u00e3o convencionais e mistura de diversos g\u00eaneros opostos, como m\u00fasica eletr\u00f4nica e m\u00fasica cl\u00e1ssica.<\/p>\n<p>Al\u00e9m de instrumentos musicais, a m\u00fasica experimental tamb\u00e9m pode utilizar-se de sons de objetos e efeitos diversos de acordo com a inten\u00e7\u00e3o do compositor, experimentando os sons como o pr\u00f3prio nome diz. Quando tamb\u00e9m \u00e9 usado m\u00fasica eletr\u00f4nica de maneira mais &#8220;pesada&#8221;, com caracter\u00edsticas noise, este experimentalismo tamb\u00e9m \u00e9 chamado de m\u00fasica industrial.<\/p>\n<p>No Brasil, o grande expoente do estilo experimental \u00e9 Hermeto Pascoal, reconhecido internacionalmente como um dos magos do g\u00eanero. Leia mais sobre ele nesse artigo da RadioNos, <a href=\"https:\/\/radionos.com.br\/site\/videoclip\/hermeto-brasileiro-experimental\/\">Hermeto Pascoal \u2013 Brasileiro Experimental<\/a>.<\/p>\n<div id=\"attachment_1831\" class=\"wp-caption aligncenter\" style=\"width: 250px\"><a href=\"https:\/\/radionos.com.br\/site\/videoclip\/hermeto-brasileiro-experimental\/\"><img fetchpriority=\"high\" decoding=\"async\" class=\"wp-image-1831 size-full\" src=\"https:\/\/radionos.com.br\/site\/wp-content\/uploads\/2020\/05\/VIRADA2.jpg\" alt=\"\" width=\"250\" height=\"215\" \/><\/a><p class=\"wp-caption-text\">Hermeto Pascoal (foto: Ciro Hiruma)<\/p><\/div>\n<p>Para saber mais:<\/p>\n<p><a href=\"https:\/\/en.wikipedia.org\/wiki\/Experimental_music\">https:\/\/en.wikipedia.org\/wiki\/Experimental_music<\/a><\/p>\n<p><strong>\u00daltimas tocadas no Ambient Channel<\/strong><\/p>\n<div><iframe src=\"https:\/\/www.nos.com.br\/GetPlayedHistory.php?hist=stream09.xml&amp;name=Experimental\" width=\"640\" height=\"300\"><\/iframe><\/div>\n<p>Sua opini\u00e3o \u00e9 importante: diga-nos o que acha do Experimental Channel da RadioNOS ?<\/p>\n<p>O Melhor em CREATIVE COMMONS Music &#8211; O que n\u00e3o se ouve por a\u00ed.<\/p>\n","protected":false},"excerpt":{"rendered":"<p>A M\u00fasica experimental \u00e9 um estilo musical inovador originado no s\u00e9culo XX, que desafiou as concep\u00e7\u00f5es normais de como uma m\u00fasica deveria ser e extrapolou os limites popularmente conhecidos. Dessa forma, h\u00e1 pouco acordo sobre qu\u00e3o experimental uma m\u00fasica poderia ser, antes de ser considerada apenas ru\u00eddo. Geralmente as bandas experimentais possuem instrumentos pouco&hellip; <a class=\"read-more-link\" href=\"https:\/\/radionos.com\/site\/experimental-channel\/\">(mais)<\/a><\/p>\n","protected":false},"author":1,"featured_media":1509,"parent":0,"menu_order":0,"comment_status":"closed","ping_status":"closed","template":"","meta":{"_eb_attr":"","_monsterinsights_skip_tracking":false,"_monsterinsights_sitenote_active":false,"_monsterinsights_sitenote_note":"","_monsterinsights_sitenote_category":0,"footnotes":""},"class_list":["post-234","page","type-page","status-publish","has-post-thumbnail","hentry"],"jetpack_sharing_enabled":true,"_links":{"self":[{"href":"https:\/\/radionos.com\/site\/wp-json\/wp\/v2\/pages\/234","targetHints":{"allow":["GET"]}}],"collection":[{"href":"https:\/\/radionos.com\/site\/wp-json\/wp\/v2\/pages"}],"about":[{"href":"https:\/\/radionos.com\/site\/wp-json\/wp\/v2\/types\/page"}],"author":[{"embeddable":true,"href":"https:\/\/radionos.com\/site\/wp-json\/wp\/v2\/users\/1"}],"replies":[{"embeddable":true,"href":"https:\/\/radionos.com\/site\/wp-json\/wp\/v2\/comments?post=234"}],"version-history":[{"count":22,"href":"https:\/\/radionos.com\/site\/wp-json\/wp\/v2\/pages\/234\/revisions"}],"predecessor-version":[{"id":2299,"href":"https:\/\/radionos.com\/site\/wp-json\/wp\/v2\/pages\/234\/revisions\/2299"}],"wp:featuredmedia":[{"embeddable":true,"href":"https:\/\/radionos.com\/site\/wp-json\/wp\/v2\/media\/1509"}],"wp:attachment":[{"href":"https:\/\/radionos.com\/site\/wp-json\/wp\/v2\/media?parent=234"}],"curies":[{"name":"wp","href":"https:\/\/api.w.org\/{rel}","templated":true}]}}