{"id":232,"date":"2017-01-28T15:42:47","date_gmt":"2017-01-28T18:42:47","guid":{"rendered":"http:\/\/radionos.com.br\/wp\/?page_id=232"},"modified":"2024-08-10T22:24:47","modified_gmt":"2024-08-11T01:24:47","slug":"reggae-dub-channel","status":"publish","type":"page","link":"https:\/\/radionos.com\/site\/reggae-dub-channel\/","title":{"rendered":"Reggae &#038; Dub Channel"},"content":{"rendered":"<div><img decoding=\"async\" class=\"size-full wp-image-2003 aligncenter\" src=\"https:\/\/radionos.com.br\/site\/wp-content\/uploads\/2024\/08\/p30.png\" alt=\"\" width=\"240\" height=\"179\" \/><\/div>\n<div><script>\n\t\tjQuery(function() {\nsetTimeout(function(){\n\t\t\tjQuery(\"#lbg_audio5_html5_shoutcast_8\").audio5_html5({\n\t\t\t\tskin:\"whiteControllers\",\n\t\t\t\tplayerWidth:5000,\n\t\t\t\tresponsive:true,\n\t\t\t\tinitialVolume:1,\n\t\t\t\tautoPlay:true,\n\t\t\t\tvolumeOffColor:\"#454545\",\n\t\t\t\tvolumeOnColor:\"#FFFFFF\",\n\t\t\t\tsongTitleColor:\"#d6d2d6\",\n\t\t\t\tradioStationColor:\"#d6d2d6\",\n\t\t\t\tframeBehindPlayerColor:\"#000000\",\n\t\t\t\timageBorderWidth:4,\n\t\t\t\timageBorderColor:\"#000000\",\n\t\t\t\tshowVolume:true,\n\t\t\t\tshowRadioStation:true,\n\t\t\t\tshowTitle:true,\n\t\t\t\tshowNextPrevBut:false,\n\t\t\t\tautoHidePlayButton:false,\n\t\t\t\tshowFacebookBut:false,\n\t\t\t\tfacebookAppID:\"377545175935780\",\n\t\t\t\tfacebookShareTitle:\"Listen now RadioNOS.com\",\n\t\t\t\tfacebookShareDescription:\"O que n\u00e3o se ouve por a\u00ed...\",\n\t\t\t\tshowTwitterBut:false,\n\t\t\t\tbeneathTitleBackgroundColor_VisiblePlaylist:\"#11111c\",\n\t\t\t\tbeneathTitleBackgroundOpacity_VisiblePlaylist:100,\n\t\t\t\tbeneathTitleBackgroundColor_HiddenPlaylist:\"#11111c\",\n\t\t\t\tbeneathTitleBackgroundOpacity_HiddenPlaylist:100,\n\t\t\t\tbeneathTitleBackgroundBorderColor:\"#000000\",\n\t\t\t\tbeneathTitleBackgroundBorderWidth:3,\n\t\t\t\ttranslateRadioStation:\"Canal: \",\n\t\t\t\ttranslateSongTitle:\"Tocando agora: \",\n\t\t\t\ttranslateReadingData:\"lendo dados...\",\n\t\t\t\ttranslateAllRadioStations:\"TODOS OS CANAIS\",\n\t\t\t\tshowPlaylistBut:false,\n\t\t\t\tshowPlaylist:true,\n\t\t\t\tshowPlaylistOnInit:false,\n\t\t\t\tplaylistTopPos:5,\n\t\t\t\tplaylistBgColor:\"#c55151\",\n\t\t\t\tplaylistRecordBgOffColor:\"#000000\",\n\t\t\t\tplaylistRecordBgOnColor:\"#000000\",\n\t\t\t\tplaylistRecordBottomBorderOffColor:\"#333333\",\n\t\t\t\tplaylistRecordBottomBorderOnColor:\"#4d4d4d\",\n\t\t\t\tplaylistRecordTextOffColor:\"#777777\",\n\t\t\t\tplaylistRecordTextOnColor:\"#00b4f9\",\n\t\t\t\tcategoryRecordBgOffColor:\"#000000\",\n\t\t\t\tcategoryRecordBgOnColor:\"#252525\",\n\t\t\t\tcategoryRecordBottomBorderOffColor:\"#2f2f2f\",\n\t\t\t\tcategoryRecordBottomBorderOnColor:\"#2f2f2f\",\n\t\t\t\tcategoryRecordTextOffColor:\"#777777\",\n\t\t\t\tcategoryRecordTextOnColor:\"#00b4f9\",\n\t\t\t\tnumberOfThumbsPerScreen:7,\n\t\t\t\tplaylistPadding:18,\n\t\t\t\tfirstCateg:\"\",\n\t\t\t\tshowCategories:false,\n\t\t\t\tselectedCategBg:\"#000000\",\n\t\t\t\tselectedCategOffColor:\"#FFFFFF\",\n\t\t\t\tselectedCategOnColor:\"#00b4f9\",\n\t\t\t\tselectedCategMarginBottom:12,\n\t\t\t\tshowSearchArea:false,\n\t\t\t\tsearchAreaBg:\"#000000\",\n\t\t\t\tsearchInputText:\"search...\",\n\t\t\t\tsearchInputBg:\"#ffffff\",\n\t\t\t\tsearchInputBorderColor:\"#333333\",\n\t\t\t    searchInputTextColor:\"#333333\",\n\t\t\t\tshowPlaylistNumber:false,\n\t\t\t\tpathToAjaxFiles:\"https:\/\/radionos.com\/site\/wp-content\/plugins\/lbg-audio5-html5-shoutcast_sticky\/audio5_html5\/\",\n\t\t\t\tnowPlayingInterval:15,\n\t\t\t\tgrabLastFmPhoto:true,\n\t\t\t\tgrabStreamnameAndGenre:false,\n\t\t\t\tnoImageAvailable:\"https:\/\/radionos.com\/site\/wp-content\/uploads\/2022\/01\/ICONE-NOS-1.png\",\n\t\t\t\tshowHeadphone:false,\n\t\t\t\tnextPrevAdditionalPadding:-5,\n\t\t\t\tminButtonColor:\"#a890a8\"\n\t\t\t});\n}, 0);\n\t\t});\n\t<\/script>\n    <div class=\"audio5_html5_sticky\">\n\t\t<div class=\"audio5_html5\">\n            <div id=\"lbg_audio5_html5_shoutcast_8\">\n                  <div class=\"xaudioplaylist\"><ul>\n                \t<li class=\"xradiostream\">https:\/\/nos.radio.br:443\/stream\/8\/;<\/li><li class=\"xassociatedpageurl\"><\/li><li class=\"xstation\">Reggae & Dub Channel<\/li>        <\/ul><\/div>\n            <\/div>\n     <\/div>\n\t<br style=\"clear:both;\">\n\t<div class=\"audio5_html5_min audio5_html5_arrow_down\"><\/div>\n\n  <\/div>  <\/div>\n<div>\n<div>\n<p>Reggae \u00e9 um g\u00eanero musical desenvolvido originalmente na Jamaica do fim da d\u00e9cada de 1960. Embora por vezes seja usado num sentido mais amplo para se referir \u00e0 maior parte dos tipos de m\u00fasica jamaicana, o termo reggae indica mais especificamente um tipo particular de m\u00fasica que se originou do desenvolvimento do ska e do rocksteady.<\/p>\n<p>O reggae se baseia num estilo r\u00edtmico caracterizado pela acentua\u00e7\u00e3o no tempo fraco, conhecido como skank. O estilo normalmente \u00e9 mais lento que o ska e o rocksteady, e seus compassos normalmente s\u00e3o acentuados na segunda e na quarta batida, com a guitarra base servindo ou para enfatizar a terceira batida, ou para segurar o acorde da segunda at\u00e9 que o quarto seja tocado. \u00c9 principalmente essa &#8220;terceira batida&#8221;, sua velocidade e o uso de linhas de baixo complexas que diferencia o reggae do rocksteady, embora estilos posteriores tenham incorporado estas inova\u00e7\u00f5es de maneira independente.<\/p>\n<p>O cantor e compositor Bob Marley \u00e9 o \u00edcone deste estilo musical.<\/p>\n<p>Embora tenha sido influenciado fortemente pela m\u00fasica tradicional africana e caribenha, assim como pelo rhythm and blues americano, o reggae tra\u00e7a sua origem direta ao desenvolvimento progressivo do ska e do rocksteady na Jamaica da d\u00e9cada de 1960.<\/p>\n<p>O ska surgiu pela primeira vez nos est\u00fadios da Jamaica entre os anos de 1959 e 1961, desenvolvendo-se a partir de um g\u00eanero anterior, o mento. O ska caracteriza-se por uma linha de walking bass, ritmos acentuados da guitarra ou do piano no tempo fraco, e, por vezes, riffs jazz\u00edsticos nos metais. Al\u00e9m de sua imensa popularidade entre os adeptos da moda rude boy, no pa\u00eds, o estilo conquistou muitos adeptos entre os mods, na Gr\u00e3-Bretanha, a partir de 1964. De acordo com Barrow, os rude boys come\u00e7aram a tocar deliberadamente os seus discos de ska a meia velocidade, preferindo dan\u00e7ar mais lentamente como parte de sua imagem de dur\u00f5es.<\/p>\n<p>Em meados da d\u00e9cada diversos m\u00fasicos j\u00e1 haviam come\u00e7ado a tocar o ska num andamento mais lento, enfatizando a linha de baixo e os tempos fracos. O som mais lento foi chamado de rocksteady, o nome de um single de Alton Ellis. Esta fase da m\u00fasica jamaicana durou apenas at\u00e9 1968, quando os m\u00fasicos come\u00e7aram a deixar ainda mais lento os andamentos das m\u00fasicas, e lhes acrescentaram ainda mais efeitos; isto levou \u00e0 cria\u00e7\u00e3o do reggae.<\/p>\n<p>O Reggae e o &#8220;Dub&#8221;<\/p>\n<p>O dub surgiu na Jamaica no final da decada de 1960. Inicialmente era apenas uma forma de remix de musicas reggae, nos quais se retirava grande parte dos vocais e se valorizavam o baixo e a bateria. Muitas vezes tambem se incluia efeitos sonoros como tiros, sons de animais, sirenes de policia, etc. Suas bases foram usadas posteriormente em todos os estilos de musica eletronica moderna, inclusive o Rap, que teve sua criacao diretamente ligada ao Dub quando Jamaicanos migraram para os EUA e divulgaram a tecnica. No Dub os &#8220;improvisadores&#8221; (freestylers no rap) sao chamados &#8220;toasters&#8221;, os &#8220;rimadores&#8221; (rappers no rap) sao chamados &#8220;DJ&#8221; e os DJ&#8217;s (Disc Jockey no rap) sao chamados &#8220;selectors&#8221; ou &#8220;selectas&#8221;, &#8220;seletores&#8221; no Brasil.<\/p>\n<p>Hoje em dia o dub e&#8217; considerado um estilo musical, nao mais mera forma de remix.<\/p>\n<p>Para sentir um pouco destes g\u00eaneros, embale-se pelo Reggae &amp; Dub Channel da RadioNOS.com.<\/p>\n<div><iframe src=\"https:\/\/www.nos.com.br\/GetPlayedHistory.php?hist=stream08.xml&amp;name=Reggae-Dub\" width=\"640\" height=\"300\"><\/iframe><\/div>\n<\/div>\n<\/div>\n<p>O Melhor em CREATIVE COMMONS Music &#8211; O que n\u00e3o se ouve por a\u00ed.<\/p>\n","protected":false},"excerpt":{"rendered":"<p>Reggae \u00e9 um g\u00eanero musical desenvolvido originalmente na Jamaica do fim da d\u00e9cada de 1960. Embora por vezes seja usado num sentido mais amplo para se referir \u00e0 maior parte dos tipos de m\u00fasica jamaicana, o termo reggae indica mais especificamente um tipo particular de m\u00fasica que se originou do desenvolvimento do ska e&hellip; <a class=\"read-more-link\" href=\"https:\/\/radionos.com\/site\/reggae-dub-channel\/\">(mais)<\/a><\/p>\n","protected":false},"author":1,"featured_media":1500,"parent":0,"menu_order":0,"comment_status":"closed","ping_status":"closed","template":"","meta":{"_eb_attr":"","_monsterinsights_skip_tracking":false,"_monsterinsights_sitenote_active":false,"_monsterinsights_sitenote_note":"","_monsterinsights_sitenote_category":0,"footnotes":""},"class_list":["post-232","page","type-page","status-publish","has-post-thumbnail","hentry"],"jetpack_sharing_enabled":true,"_links":{"self":[{"href":"https:\/\/radionos.com\/site\/wp-json\/wp\/v2\/pages\/232","targetHints":{"allow":["GET"]}}],"collection":[{"href":"https:\/\/radionos.com\/site\/wp-json\/wp\/v2\/pages"}],"about":[{"href":"https:\/\/radionos.com\/site\/wp-json\/wp\/v2\/types\/page"}],"author":[{"embeddable":true,"href":"https:\/\/radionos.com\/site\/wp-json\/wp\/v2\/users\/1"}],"replies":[{"embeddable":true,"href":"https:\/\/radionos.com\/site\/wp-json\/wp\/v2\/comments?post=232"}],"version-history":[{"count":15,"href":"https:\/\/radionos.com\/site\/wp-json\/wp\/v2\/pages\/232\/revisions"}],"predecessor-version":[{"id":2323,"href":"https:\/\/radionos.com\/site\/wp-json\/wp\/v2\/pages\/232\/revisions\/2323"}],"wp:featuredmedia":[{"embeddable":true,"href":"https:\/\/radionos.com\/site\/wp-json\/wp\/v2\/media\/1500"}],"wp:attachment":[{"href":"https:\/\/radionos.com\/site\/wp-json\/wp\/v2\/media?parent=232"}],"curies":[{"name":"wp","href":"https:\/\/api.w.org\/{rel}","templated":true}]}}