{"id":230,"date":"2017-01-28T15:41:16","date_gmt":"2017-01-28T18:41:16","guid":{"rendered":"http:\/\/radionos.com.br\/wp\/?page_id=230"},"modified":"2025-08-21T21:09:26","modified_gmt":"2025-08-22T00:09:26","slug":"epic-channel","status":"publish","type":"page","link":"https:\/\/radionos.com\/site\/epic-channel\/","title":{"rendered":"Epic Channel"},"content":{"rendered":"<div><img decoding=\"async\" class=\"size-full wp-image-2021 aligncenter\" src=\"\/site\/wp-content\/uploads\/2024\/08\/p21.png\" alt=\"\" width=\"240\" height=\"158\" \/><\/div>\n<div><\/div>\n<div><script>\n\t\tjQuery(function() {\nsetTimeout(function(){\n\t\t\tjQuery(\"#lbg_audio5_html5_shoutcast_7\").audio5_html5({\n\t\t\t\tskin:\"whiteControllers\",\n\t\t\t\tplayerWidth:5000,\n\t\t\t\tresponsive:true,\n\t\t\t\tinitialVolume:1,\n\t\t\t\tautoPlay:true,\n\t\t\t\tvolumeOffColor:\"#454545\",\n\t\t\t\tvolumeOnColor:\"#FFFFFF\",\n\t\t\t\tsongTitleColor:\"#d6d2d6\",\n\t\t\t\tradioStationColor:\"#d6d2d6\",\n\t\t\t\tframeBehindPlayerColor:\"#000000\",\n\t\t\t\timageBorderWidth:4,\n\t\t\t\timageBorderColor:\"#000000\",\n\t\t\t\tshowVolume:true,\n\t\t\t\tshowRadioStation:true,\n\t\t\t\tshowTitle:true,\n\t\t\t\tshowNextPrevBut:false,\n\t\t\t\tautoHidePlayButton:false,\n\t\t\t\tshowFacebookBut:false,\n\t\t\t\tfacebookAppID:\"377545175935780\",\n\t\t\t\tfacebookShareTitle:\"Listen now RadioNOS.com\",\n\t\t\t\tfacebookShareDescription:\"O que n\u00e3o se ouve por a\u00ed...\",\n\t\t\t\tshowTwitterBut:false,\n\t\t\t\tbeneathTitleBackgroundColor_VisiblePlaylist:\"#11111c\",\n\t\t\t\tbeneathTitleBackgroundOpacity_VisiblePlaylist:100,\n\t\t\t\tbeneathTitleBackgroundColor_HiddenPlaylist:\"#11111c\",\n\t\t\t\tbeneathTitleBackgroundOpacity_HiddenPlaylist:100,\n\t\t\t\tbeneathTitleBackgroundBorderColor:\"#000000\",\n\t\t\t\tbeneathTitleBackgroundBorderWidth:3,\n\t\t\t\ttranslateRadioStation:\"Canal: \",\n\t\t\t\ttranslateSongTitle:\"Tocando agora: \",\n\t\t\t\ttranslateReadingData:\"lendo dados...\",\n\t\t\t\ttranslateAllRadioStations:\"TODOS OS CANAIS\",\n\t\t\t\tshowPlaylistBut:false,\n\t\t\t\tshowPlaylist:true,\n\t\t\t\tshowPlaylistOnInit:false,\n\t\t\t\tplaylistTopPos:5,\n\t\t\t\tplaylistBgColor:\"#c55151\",\n\t\t\t\tplaylistRecordBgOffColor:\"#000000\",\n\t\t\t\tplaylistRecordBgOnColor:\"#000000\",\n\t\t\t\tplaylistRecordBottomBorderOffColor:\"#333333\",\n\t\t\t\tplaylistRecordBottomBorderOnColor:\"#4d4d4d\",\n\t\t\t\tplaylistRecordTextOffColor:\"#777777\",\n\t\t\t\tplaylistRecordTextOnColor:\"#00b4f9\",\n\t\t\t\tcategoryRecordBgOffColor:\"#000000\",\n\t\t\t\tcategoryRecordBgOnColor:\"#252525\",\n\t\t\t\tcategoryRecordBottomBorderOffColor:\"#2f2f2f\",\n\t\t\t\tcategoryRecordBottomBorderOnColor:\"#2f2f2f\",\n\t\t\t\tcategoryRecordTextOffColor:\"#777777\",\n\t\t\t\tcategoryRecordTextOnColor:\"#00b4f9\",\n\t\t\t\tnumberOfThumbsPerScreen:7,\n\t\t\t\tplaylistPadding:18,\n\t\t\t\tfirstCateg:\"\",\n\t\t\t\tshowCategories:false,\n\t\t\t\tselectedCategBg:\"#000000\",\n\t\t\t\tselectedCategOffColor:\"#FFFFFF\",\n\t\t\t\tselectedCategOnColor:\"#00b4f9\",\n\t\t\t\tselectedCategMarginBottom:12,\n\t\t\t\tshowSearchArea:false,\n\t\t\t\tsearchAreaBg:\"#000000\",\n\t\t\t\tsearchInputText:\"search...\",\n\t\t\t\tsearchInputBg:\"#ffffff\",\n\t\t\t\tsearchInputBorderColor:\"#333333\",\n\t\t\t    searchInputTextColor:\"#333333\",\n\t\t\t\tshowPlaylistNumber:false,\n\t\t\t\tpathToAjaxFiles:\"https:\/\/radionos.com\/site\/wp-content\/plugins\/lbg-audio5-html5-shoutcast_sticky\/audio5_html5\/\",\n\t\t\t\tnowPlayingInterval:15,\n\t\t\t\tgrabLastFmPhoto:true,\n\t\t\t\tgrabStreamnameAndGenre:true,\n\t\t\t\tnoImageAvailable:\"https:\/\/radionos.com\/site\/wp-content\/uploads\/2022\/01\/ICONE-NOS-1.png\",\n\t\t\t\tshowHeadphone:false,\n\t\t\t\tnextPrevAdditionalPadding:-5,\n\t\t\t\tminButtonColor:\"#a890a8\"\n\t\t\t});\n}, 0);\n\t\t});\n\t<\/script>\n    <div class=\"audio5_html5_sticky\">\n\t\t<div class=\"audio5_html5\">\n            <div id=\"lbg_audio5_html5_shoutcast_7\">\n                  <div class=\"xaudioplaylist\"><ul>\n                \t<li class=\"xradiostream\">https:\/\/nos.radio.br:443\/stream\/7\/<\/li><li class=\"xassociatedpageurl\"><\/li><li class=\"xstation\">Epic Channel<\/li>        <\/ul><\/div>\n            <\/div>\n     <\/div>\n\t<br style=\"clear:both;\">\n\t<div class=\"audio5_html5_min audio5_html5_arrow_down\"><\/div>\n\n  <\/div>  <\/div>\n<div>\n<p>O termo Epic Music\u00a0\u00e9 utilizado para designar um sub-g\u00eanero do rock progressivo, o rock \u00c9pico.\u00a0Tamb\u00e9m pode ser utilizado para composi\u00e7\u00f5es que recebam outros tipos de influ\u00eancia r\u00edtmicas, e nesse caso, o conceito \u00e9 subjetivo, pois existem v\u00e1rias e diferentes influ\u00eancias, variando desde a m\u00fasica orquestral, cl\u00e1ssica e sinf\u00f4nica; at\u00e9 a eletr\u00f4nica.<\/p>\n<p>Geralmente, as m\u00fasicas chamadas \u00c9picas s\u00e3o trilhas sonoras de filmes e trailers desses, contando com composi\u00e7\u00f5es originais, chamadas, no ingl\u00eas, de Scores, e, em tese, devem transmitir sentimentos inseridos no contexto da respectiva cena do filme\/trailer. Geralmente tais composi\u00e7\u00f5es s\u00e3o assinadas por um compositor afamado, sendo comum o uso de orquestras e coros musicais.\u00a0\u00c9 dif\u00edcil encontrar um compositor que produza tanto a trilha do filme quanto a dos respectivos trailers, pois j\u00e1 existem empresas e grupos espec\u00edficos para lidar com este tipo de produ\u00e7\u00e3o musical.<\/p>\n<p>Curiosidade: atualmente tamb\u00e9m s\u00e3o consideradas m\u00fasicas \u00e9picas as trilhas sonoras de video-games, t\u00e3o complexas quanto as de filmes com grande produ\u00e7\u00e3o.<\/p>\n<p>Uma observa\u00e7\u00e3o: Nem toda trilha sonora \u00e9 uma trilha original de filme, ou OST (Original Sound-Track), uma vez que h\u00e1 diversos filmes cujas trilhas s\u00e3o compostas de m\u00fasicas j\u00e1 existentes, e n\u00e3o compostas especialmente para a obra cinematogr\u00e1fica.<\/p>\n<p>Em sua maioria, os g\u00eaneros cinematogr\u00e1ficos os quais apresentam composi\u00e7\u00f5es originais e &#8220;\u00c9picas&#8221; s\u00e3o os de Aventura, Suspense, Fic\u00e7\u00e3o, entre outros.<\/p>\n<p>Enquanto as trilhas dos filmes geralmente s\u00e3o comercializadas, as composi\u00e7\u00f5es dos trailers n\u00e3o se encontram em mercado f\u00edsico (lojas), mas dispon\u00edveis para download digital (pago ou n\u00e3o) nos websites de seus criadores. \u00c9 mais comum, no entanto, encontrar faixas sonoras deste tipo em websites de compartilhamento de m\u00fasica. Mesmo assim,\u00a0\u00e9 um g\u00eanero incomum e singular, por se dizer, ainda n\u00e3o muito acessado pelo p\u00fablico em geral.<\/p>\n<p>E como isso n\u00e3o se ouve muito por a\u00ed, aqui na RadioNOS.com voc\u00ea encontra o melhor da M\u00fasica \u00c9pica, no nosso Epic Channel!<\/p>\n<p><strong>\u00daltimas tocadas no Ambient Channel<\/strong><\/p>\n<div><iframe src=\"https:\/\/www.nos.com.br\/GetPlayedHistory.php?hist=stream07.xml&amp;name=Epic\" width=\"640\" height=\"300\"><\/iframe><\/div>\n<p>Sua opini\u00e3o \u00e9 importante. O que achou do Epic Channel?<\/p>\n<p>O Melhor em CREATIVE COMMONS Music &#8211; O que n\u00e3o se ouve por a\u00ed.<\/p>\n<\/div>\n","protected":false},"excerpt":{"rendered":"<p>O termo Epic Music\u00a0\u00e9 utilizado para designar um sub-g\u00eanero do rock progressivo, o rock \u00c9pico.\u00a0Tamb\u00e9m pode ser utilizado para composi\u00e7\u00f5es que recebam outros tipos de influ\u00eancia r\u00edtmicas, e nesse caso, o conceito \u00e9 subjetivo, pois existem v\u00e1rias e diferentes influ\u00eancias, variando desde a m\u00fasica orquestral, cl\u00e1ssica e sinf\u00f4nica; at\u00e9 a eletr\u00f4nica. Geralmente, as m\u00fasicas&hellip; <a class=\"read-more-link\" href=\"https:\/\/radionos.com\/site\/epic-channel\/\">(mais)<\/a><\/p>\n","protected":false},"author":1,"featured_media":1508,"parent":0,"menu_order":0,"comment_status":"closed","ping_status":"closed","template":"","meta":{"_eb_attr":"","_monsterinsights_skip_tracking":false,"_monsterinsights_sitenote_active":false,"_monsterinsights_sitenote_note":"","_monsterinsights_sitenote_category":0,"footnotes":""},"class_list":["post-230","page","type-page","status-publish","has-post-thumbnail","hentry"],"jetpack_sharing_enabled":true,"_links":{"self":[{"href":"https:\/\/radionos.com\/site\/wp-json\/wp\/v2\/pages\/230","targetHints":{"allow":["GET"]}}],"collection":[{"href":"https:\/\/radionos.com\/site\/wp-json\/wp\/v2\/pages"}],"about":[{"href":"https:\/\/radionos.com\/site\/wp-json\/wp\/v2\/types\/page"}],"author":[{"embeddable":true,"href":"https:\/\/radionos.com\/site\/wp-json\/wp\/v2\/users\/1"}],"replies":[{"embeddable":true,"href":"https:\/\/radionos.com\/site\/wp-json\/wp\/v2\/comments?post=230"}],"version-history":[{"count":21,"href":"https:\/\/radionos.com\/site\/wp-json\/wp\/v2\/pages\/230\/revisions"}],"predecessor-version":[{"id":2298,"href":"https:\/\/radionos.com\/site\/wp-json\/wp\/v2\/pages\/230\/revisions\/2298"}],"wp:featuredmedia":[{"embeddable":true,"href":"https:\/\/radionos.com\/site\/wp-json\/wp\/v2\/media\/1508"}],"wp:attachment":[{"href":"https:\/\/radionos.com\/site\/wp-json\/wp\/v2\/media?parent=230"}],"curies":[{"name":"wp","href":"https:\/\/api.w.org\/{rel}","templated":true}]}}