{"id":228,"date":"2017-01-28T15:40:17","date_gmt":"2017-01-28T18:40:17","guid":{"rendered":"http:\/\/radionos.com.br\/wp\/?page_id=228"},"modified":"2025-08-21T21:09:03","modified_gmt":"2025-08-22T00:09:03","slug":"electronica-channel","status":"publish","type":"page","link":"https:\/\/radionos.com\/site\/electronica-channel\/","title":{"rendered":"Electronica Channel"},"content":{"rendered":"<div><img decoding=\"async\" class=\"size-full wp-image-2022 aligncenter\" src=\"\/site\/wp-content\/uploads\/2024\/08\/p22.png\" alt=\"\" width=\"240\" height=\"178\" \/><\/div>\n<div><\/div>\n<div><script>\n\t\tjQuery(function() {\nsetTimeout(function(){\n\t\t\tjQuery(\"#lbg_audio5_html5_shoutcast_6\").audio5_html5({\n\t\t\t\tskin:\"whiteControllers\",\n\t\t\t\tplayerWidth:5000,\n\t\t\t\tresponsive:true,\n\t\t\t\tinitialVolume:1,\n\t\t\t\tautoPlay:true,\n\t\t\t\tvolumeOffColor:\"#454545\",\n\t\t\t\tvolumeOnColor:\"#FFFFFF\",\n\t\t\t\tsongTitleColor:\"#d6d2d6\",\n\t\t\t\tradioStationColor:\"#d6d2d6\",\n\t\t\t\tframeBehindPlayerColor:\"#000000\",\n\t\t\t\timageBorderWidth:4,\n\t\t\t\timageBorderColor:\"#000000\",\n\t\t\t\tshowVolume:true,\n\t\t\t\tshowRadioStation:true,\n\t\t\t\tshowTitle:true,\n\t\t\t\tshowNextPrevBut:false,\n\t\t\t\tautoHidePlayButton:false,\n\t\t\t\tshowFacebookBut:false,\n\t\t\t\tfacebookAppID:\"377545175935780\",\n\t\t\t\tfacebookShareTitle:\"Listen now RadioNOS.com\",\n\t\t\t\tfacebookShareDescription:\"O que n\u00e3o se ouve por a\u00ed...\",\n\t\t\t\tshowTwitterBut:false,\n\t\t\t\tbeneathTitleBackgroundColor_VisiblePlaylist:\"#11111c\",\n\t\t\t\tbeneathTitleBackgroundOpacity_VisiblePlaylist:100,\n\t\t\t\tbeneathTitleBackgroundColor_HiddenPlaylist:\"#11111c\",\n\t\t\t\tbeneathTitleBackgroundOpacity_HiddenPlaylist:100,\n\t\t\t\tbeneathTitleBackgroundBorderColor:\"#000000\",\n\t\t\t\tbeneathTitleBackgroundBorderWidth:3,\n\t\t\t\ttranslateRadioStation:\"Canal: \",\n\t\t\t\ttranslateSongTitle:\"Tocando agora: \",\n\t\t\t\ttranslateReadingData:\"lendo dados...\",\n\t\t\t\ttranslateAllRadioStations:\"TODOS OS CANAIS\",\n\t\t\t\tshowPlaylistBut:false,\n\t\t\t\tshowPlaylist:true,\n\t\t\t\tshowPlaylistOnInit:false,\n\t\t\t\tplaylistTopPos:5,\n\t\t\t\tplaylistBgColor:\"#c55151\",\n\t\t\t\tplaylistRecordBgOffColor:\"#000000\",\n\t\t\t\tplaylistRecordBgOnColor:\"#000000\",\n\t\t\t\tplaylistRecordBottomBorderOffColor:\"#333333\",\n\t\t\t\tplaylistRecordBottomBorderOnColor:\"#4d4d4d\",\n\t\t\t\tplaylistRecordTextOffColor:\"#777777\",\n\t\t\t\tplaylistRecordTextOnColor:\"#00b4f9\",\n\t\t\t\tcategoryRecordBgOffColor:\"#000000\",\n\t\t\t\tcategoryRecordBgOnColor:\"#252525\",\n\t\t\t\tcategoryRecordBottomBorderOffColor:\"#2f2f2f\",\n\t\t\t\tcategoryRecordBottomBorderOnColor:\"#2f2f2f\",\n\t\t\t\tcategoryRecordTextOffColor:\"#777777\",\n\t\t\t\tcategoryRecordTextOnColor:\"#00b4f9\",\n\t\t\t\tnumberOfThumbsPerScreen:7,\n\t\t\t\tplaylistPadding:18,\n\t\t\t\tfirstCateg:\"\",\n\t\t\t\tshowCategories:false,\n\t\t\t\tselectedCategBg:\"#000000\",\n\t\t\t\tselectedCategOffColor:\"#FFFFFF\",\n\t\t\t\tselectedCategOnColor:\"#00b4f9\",\n\t\t\t\tselectedCategMarginBottom:12,\n\t\t\t\tshowSearchArea:false,\n\t\t\t\tsearchAreaBg:\"#000000\",\n\t\t\t\tsearchInputText:\"search...\",\n\t\t\t\tsearchInputBg:\"#ffffff\",\n\t\t\t\tsearchInputBorderColor:\"#333333\",\n\t\t\t    searchInputTextColor:\"#333333\",\n\t\t\t\tshowPlaylistNumber:false,\n\t\t\t\tpathToAjaxFiles:\"https:\/\/radionos.com\/site\/wp-content\/plugins\/lbg-audio5-html5-shoutcast_sticky\/audio5_html5\/\",\n\t\t\t\tnowPlayingInterval:15,\n\t\t\t\tgrabLastFmPhoto:true,\n\t\t\t\tgrabStreamnameAndGenre:false,\n\t\t\t\tnoImageAvailable:\"https:\/\/radionos.com\/site\/wp-content\/uploads\/2022\/01\/ICONE-NOS-1.png\",\n\t\t\t\tshowHeadphone:false,\n\t\t\t\tnextPrevAdditionalPadding:-5,\n\t\t\t\tminButtonColor:\"#a890a8\"\n\t\t\t});\n}, 0);\n\t\t});\n\t<\/script>\n    <div class=\"audio5_html5_sticky\">\n\t\t<div class=\"audio5_html5\">\n            <div id=\"lbg_audio5_html5_shoutcast_6\">\n                  <div class=\"xaudioplaylist\"><ul>\n                \t<li class=\"xradiostream\">https:\/\/nos.radio.br:443\/stream\/6\/;<\/li><li class=\"xassociatedpageurl\"><\/li><li class=\"xstation\">Electronica Channel<\/li>        <\/ul><\/div>\n            <\/div>\n     <\/div>\n\t<br style=\"clear:both;\">\n\t<div class=\"audio5_html5_min audio5_html5_arrow_down\"><\/div>\n\n  <\/div>  <\/div>\n<div>\n<p>A M\u00fasica eletr\u00f4nica (Electronica genre) \u00e9 toda m\u00fasica criada ou modificada atrav\u00e9s do uso de equipamentos e instrumentos eletr\u00f4nicos, tais como sintetizadores, gravadores digitais, computadores ou softwares de composi\u00e7\u00e3o. Os softwares s\u00e3o desenvolvidos de forma a facilitar a cria\u00e7\u00e3o. Por sua hist\u00f3ria passou de uma vertente da m\u00fasica erudita (fruto do trabalho de compositores vision\u00e1rios) a um elemento da m\u00fasica popular, primeiramente bastante relacionado ao rock e posteriormente discernindo-se como um g\u00eanero musical pr\u00f3prio (principalmente relacionado com a m\u00fasica popular nos sub-estilos considerados dan\u00e7antes tais como o techno, acid, house, trance e drum &#8216;n&#8217; bass, desenvolvidos a partir do auge da m\u00fasica disco no final da d\u00e9cada de 1970). Atualmente existem v\u00e1rias ramifica\u00e7\u00f5es do estilo, tanto eruditas como populares.<\/p>\n<p>Originalmente relutada por ter sua tecnologia evolu\u00edda muito mais rapidamente que sua est\u00e9tica, s\u00f3 passou a ter princ\u00edpios e tradi\u00e7\u00e3o ap\u00f3s a Segunda Guerra Mundial, com o trabalho de franceses na m\u00fasica concreta e de alem\u00e3es na Elektronische Musik.<\/p>\n<p>obs.: \u00c9 importante salientar que, por defini\u00e7\u00e3o, m\u00fasica eletr\u00f4nica \u00e9 toda m\u00fasica criada atrav\u00e9s do uso de equipamentos e instrumentos eletr\u00f4nicos. Entretanto, a partir da grande populariza\u00e7\u00e3o da m\u00fasica eletr\u00f4nica dan\u00e7ante a partir da d\u00e9cada de 1980, esta passou a ser conhecida pelo p\u00fablico geral pela denomina\u00e7\u00e3o simples de m\u00fasica eletr\u00f4nica, o que prevalece at\u00e9 hoje.<\/p>\n<p>Quer saber mais?<\/p>\n<p><a href=\"https:\/\/en.wikipedia.org\/wiki\/Electronic_music\" target=\"_blank\" rel=\"noopener noreferrer\">https:\/\/en.wikipedia.org\/wiki\/Electronic_music<\/a><\/p>\n<p><strong>\u00daltimas tocadas no Ambient Channel<\/strong><\/p>\n<div><iframe src=\"https:\/\/www.nos.com.br\/GetPlayedHistory.php?hist=stream06.xml&amp;name=Electronica\" width=\"640\" height=\"300\"><\/iframe><\/div>\n<p>Sua opini\u00e3o \u00e9 importante: diga-nos o que acha do Electronica Channel da RadioNOS ?<\/p>\n<p>O Melhor em CREATIVE COMMONS Music &#8211; O que n\u00e3o se ouve por a\u00ed.<\/p>\n<\/div>\n","protected":false},"excerpt":{"rendered":"<p>A M\u00fasica eletr\u00f4nica (Electronica genre) \u00e9 toda m\u00fasica criada ou modificada atrav\u00e9s do uso de equipamentos e instrumentos eletr\u00f4nicos, tais como sintetizadores, gravadores digitais, computadores ou softwares de composi\u00e7\u00e3o. Os softwares s\u00e3o desenvolvidos de forma a facilitar a cria\u00e7\u00e3o. Por sua hist\u00f3ria passou de uma vertente da m\u00fasica erudita (fruto do trabalho de compositores&hellip; <a class=\"read-more-link\" href=\"https:\/\/radionos.com\/site\/electronica-channel\/\">(mais)<\/a><\/p>\n","protected":false},"author":1,"featured_media":1507,"parent":0,"menu_order":0,"comment_status":"closed","ping_status":"closed","template":"","meta":{"_eb_attr":"","_monsterinsights_skip_tracking":false,"_monsterinsights_sitenote_active":false,"_monsterinsights_sitenote_note":"","_monsterinsights_sitenote_category":0,"footnotes":""},"class_list":["post-228","page","type-page","status-publish","has-post-thumbnail","hentry"],"jetpack_sharing_enabled":true,"_links":{"self":[{"href":"https:\/\/radionos.com\/site\/wp-json\/wp\/v2\/pages\/228","targetHints":{"allow":["GET"]}}],"collection":[{"href":"https:\/\/radionos.com\/site\/wp-json\/wp\/v2\/pages"}],"about":[{"href":"https:\/\/radionos.com\/site\/wp-json\/wp\/v2\/types\/page"}],"author":[{"embeddable":true,"href":"https:\/\/radionos.com\/site\/wp-json\/wp\/v2\/users\/1"}],"replies":[{"embeddable":true,"href":"https:\/\/radionos.com\/site\/wp-json\/wp\/v2\/comments?post=228"}],"version-history":[{"count":28,"href":"https:\/\/radionos.com\/site\/wp-json\/wp\/v2\/pages\/228\/revisions"}],"predecessor-version":[{"id":2297,"href":"https:\/\/radionos.com\/site\/wp-json\/wp\/v2\/pages\/228\/revisions\/2297"}],"wp:featuredmedia":[{"embeddable":true,"href":"https:\/\/radionos.com\/site\/wp-json\/wp\/v2\/media\/1507"}],"wp:attachment":[{"href":"https:\/\/radionos.com\/site\/wp-json\/wp\/v2\/media?parent=228"}],"curies":[{"name":"wp","href":"https:\/\/api.w.org\/{rel}","templated":true}]}}