{"id":226,"date":"2017-01-28T15:39:42","date_gmt":"2017-01-28T18:39:42","guid":{"rendered":"http:\/\/radionos.com.br\/wp\/?page_id=226"},"modified":"2025-08-21T21:08:35","modified_gmt":"2025-08-22T00:08:35","slug":"modern-classical-channel","status":"publish","type":"page","link":"https:\/\/radionos.com\/site\/modern-classical-channel\/","title":{"rendered":"Classical Channel"},"content":{"rendered":"<div><a href=\"\/site\/wp-content\/uploads\/2024\/08\/p5.png\"><img fetchpriority=\"high\" decoding=\"async\" class=\" wp-image-2007 aligncenter\" src=\"\/site\/wp-content\/uploads\/2024\/08\/p5.png\" alt=\"\" width=\"236\" height=\"233\" \/><\/a><\/div>\n<div><script>\n\t\tjQuery(function() {\nsetTimeout(function(){\n\t\t\tjQuery(\"#lbg_audio5_html5_shoutcast_5\").audio5_html5({\n\t\t\t\tskin:\"whiteControllers\",\n\t\t\t\tplayerWidth:5000,\n\t\t\t\tresponsive:true,\n\t\t\t\tinitialVolume:1,\n\t\t\t\tautoPlay:true,\n\t\t\t\tvolumeOffColor:\"#454545\",\n\t\t\t\tvolumeOnColor:\"#FFFFFF\",\n\t\t\t\tsongTitleColor:\"#d6d2d6\",\n\t\t\t\tradioStationColor:\"#d6d2d6\",\n\t\t\t\tframeBehindPlayerColor:\"#000000\",\n\t\t\t\timageBorderWidth:4,\n\t\t\t\timageBorderColor:\"#000000\",\n\t\t\t\tshowVolume:true,\n\t\t\t\tshowRadioStation:true,\n\t\t\t\tshowTitle:true,\n\t\t\t\tshowNextPrevBut:false,\n\t\t\t\tautoHidePlayButton:false,\n\t\t\t\tshowFacebookBut:false,\n\t\t\t\tfacebookAppID:\"377545175935780\",\n\t\t\t\tfacebookShareTitle:\"Listen now RadioNOS.com\",\n\t\t\t\tfacebookShareDescription:\"O que n\u00e3o se ouve por a\u00ed...\",\n\t\t\t\tshowTwitterBut:false,\n\t\t\t\tbeneathTitleBackgroundColor_VisiblePlaylist:\"#11111c\",\n\t\t\t\tbeneathTitleBackgroundOpacity_VisiblePlaylist:100,\n\t\t\t\tbeneathTitleBackgroundColor_HiddenPlaylist:\"#11111c\",\n\t\t\t\tbeneathTitleBackgroundOpacity_HiddenPlaylist:100,\n\t\t\t\tbeneathTitleBackgroundBorderColor:\"#000000\",\n\t\t\t\tbeneathTitleBackgroundBorderWidth:3,\n\t\t\t\ttranslateRadioStation:\"Canal: \",\n\t\t\t\ttranslateSongTitle:\"Tocando agora: \",\n\t\t\t\ttranslateReadingData:\"lendo dados...\",\n\t\t\t\ttranslateAllRadioStations:\"TODOS OS CANAIS\",\n\t\t\t\tshowPlaylistBut:false,\n\t\t\t\tshowPlaylist:true,\n\t\t\t\tshowPlaylistOnInit:false,\n\t\t\t\tplaylistTopPos:5,\n\t\t\t\tplaylistBgColor:\"#c55151\",\n\t\t\t\tplaylistRecordBgOffColor:\"#000000\",\n\t\t\t\tplaylistRecordBgOnColor:\"#000000\",\n\t\t\t\tplaylistRecordBottomBorderOffColor:\"#333333\",\n\t\t\t\tplaylistRecordBottomBorderOnColor:\"#4d4d4d\",\n\t\t\t\tplaylistRecordTextOffColor:\"#777777\",\n\t\t\t\tplaylistRecordTextOnColor:\"#00b4f9\",\n\t\t\t\tcategoryRecordBgOffColor:\"#000000\",\n\t\t\t\tcategoryRecordBgOnColor:\"#252525\",\n\t\t\t\tcategoryRecordBottomBorderOffColor:\"#2f2f2f\",\n\t\t\t\tcategoryRecordBottomBorderOnColor:\"#2f2f2f\",\n\t\t\t\tcategoryRecordTextOffColor:\"#777777\",\n\t\t\t\tcategoryRecordTextOnColor:\"#00b4f9\",\n\t\t\t\tnumberOfThumbsPerScreen:7,\n\t\t\t\tplaylistPadding:18,\n\t\t\t\tfirstCateg:\"Classical\",\n\t\t\t\tshowCategories:false,\n\t\t\t\tselectedCategBg:\"#000000\",\n\t\t\t\tselectedCategOffColor:\"#FFFFFF\",\n\t\t\t\tselectedCategOnColor:\"#00b4f9\",\n\t\t\t\tselectedCategMarginBottom:12,\n\t\t\t\tshowSearchArea:false,\n\t\t\t\tsearchAreaBg:\"#000000\",\n\t\t\t\tsearchInputText:\"search...\",\n\t\t\t\tsearchInputBg:\"#ffffff\",\n\t\t\t\tsearchInputBorderColor:\"#333333\",\n\t\t\t    searchInputTextColor:\"#333333\",\n\t\t\t\tshowPlaylistNumber:false,\n\t\t\t\tpathToAjaxFiles:\"https:\/\/radionos.com\/site\/wp-content\/plugins\/lbg-audio5-html5-shoutcast_sticky\/audio5_html5\/\",\n\t\t\t\tnowPlayingInterval:15,\n\t\t\t\tgrabLastFmPhoto:true,\n\t\t\t\tgrabStreamnameAndGenre:false,\n\t\t\t\tnoImageAvailable:\"https:\/\/radionos.com\/site\/wp-content\/uploads\/2022\/01\/ICONE-NOS-1.png\",\n\t\t\t\tshowHeadphone:false,\n\t\t\t\tnextPrevAdditionalPadding:-5,\n\t\t\t\tminButtonColor:\"#a890a8\"\n\t\t\t});\n}, 0);\n\t\t});\n\t<\/script>\n    <div class=\"audio5_html5_sticky\">\n\t\t<div class=\"audio5_html5\">\n            <div id=\"lbg_audio5_html5_shoutcast_5\">\n                  <div class=\"xaudioplaylist\"><ul>\n                \t<li class=\"xradiostream\">https:\/\/nos.radio.br:443\/stream\/5\/;<\/li><li class=\"xassociatedpageurl\"><\/li><li class=\"xstation\">Modern Classical Channel<\/li><li class=\"xcategory\">Classical<\/li>        <\/ul><ul>\n                \t<li class=\"xradiostream\">https:\/\/nos.radio.br:443\/stream\/1\/;<\/li><li class=\"xassociatedpageurl\"><\/li><li class=\"xstation\">Ambient Channel<\/li><li class=\"xcategory\">Ambient<\/li>        <\/ul><\/div>\n            <\/div>\n     <\/div>\n\t<br style=\"clear:both;\">\n\t<div class=\"audio5_html5_min audio5_html5_arrow_down\"><\/div>\n\n  <\/div>  <\/div>\n<div>\n<p>M\u00fasica cl\u00e1ssica ou m\u00fasica erudita \u00e9 o nome dado \u00e0 principal variedade de m\u00fasica produzida ou enraizada nas tradi\u00e7\u00f5es da m\u00fasica secular e lit\u00fargica ocidental, que abrange um per\u00edodo amplo que vai aproximadamente do s\u00e9culo IX at\u00e9 o presente,1 e segue c\u00e2nones pr\u00e9- estabelecidos no decorrer da hist\u00f3ria musical. As normas centrais desta tradi\u00e7\u00e3o foram codificadas entre 1675 e 1900, intervalo de tempo conhecido como o per\u00edodo da pr\u00e1tica comum.<\/p>\n<p>Segundo o Dicion\u00e1rio Grove de M\u00fasica, m\u00fasica erudita \u00e9 m\u00fasica que \u00e9 fruto da erudi\u00e7\u00e3o e n\u00e3o das pr\u00e1ticas folcl\u00f3ricas e populares. O termo \u00e9 aplicado a toda uma variedade de m\u00fasicas de diferentes culturas, e que \u00e9 usado para indicar qualquer m\u00fasica que n\u00e3o perten\u00e7a \u00e0s tradi\u00e7\u00f5es folcl\u00f3ricas ou populares.<\/p>\n<p>A m\u00fasica ocidental distingue-se de outras formas de m\u00fasica, principalmente, por seu sistema de nota\u00e7\u00e3o em partituras, em uso desde o s\u00e9culo XVI.<\/p>\n<p>M\u00fasica cl\u00e1ssica moderna ou musica contempor\u00e2nea \u00e9 a m\u00fasica dos s\u00e9culos XX e XXI, feita ap\u00f3s o movimento impressionista e os v\u00e1rios nacionalismos. Pode-se dizer ainda que m\u00fasicas contempor\u00e2neas s\u00e3o aquelas cujo compositor se encontra ainda vivo na \u00e9poca do locutor.<\/p>\n<p>N\u00e3o h\u00e1 uma tend\u00eancia uniforme na m\u00fasica contempor\u00e2nea. Pode-se, contudo, mencionar duas escolas: a da M\u00fasica de Vanguarda, que compreende sobretudo o experimentalismo; e as tend\u00eancias neocl\u00e1ssicas e neo-rom\u00e2nticas (chamadas &#8220;conservadoras&#8221;), representadas por compositores como Arvo P\u00e4rt e Krzysztof Penderecki, que representam uma rea\u00e7\u00e3o ao experimentalismo, voltando a adotar a linguagem tonal.<\/p>\n<p>Embora na quest\u00e3o ainda haja grande preconceito, como ocorre quando do nascimento de novas tend\u00eancias art\u00edsticas, tamb\u00e9m podem-se destacar a m\u00fasica eletr\u00f4nica, criada na Alemanha da d\u00e9cada de 1950 e respons\u00e1vel pela gera\u00e7\u00e3o de nov\u00edssimos e curiosos sons, surgidos eletronicamente ou manipulados atrav\u00e9s de outros instrumentos ou objetos, que s\u00e3o incorporados \u00e0 m\u00fasica e explorados em larga escala. A m\u00fasica contempor\u00e2nea valorizava especialmente a inova\u00e7\u00e3o e a criatividade.<\/p>\n<p>Mais\u00a0sobre o tema:<br \/>\n<a href=\"https:\/\/pt.wikipedia.org\/wiki\/M%C3%BAsica_contempor%C3%A2nea\" target=\"_blank\" rel=\"noopener noreferrer\">https:\/\/pt.wikipedia.org\/wiki\/M%C3%BAsica_contempor%C3%A2nea<\/a><br \/>\n<a href=\"https:\/\/blog.erkobridee.com\/2009\/03\/08\/vanessa-mae-musica-classica-moderna\/\" target=\"_blank\" rel=\"noopener noreferrer\">https:\/\/blog.erkobridee.com\/2009\/03\/08\/vanessa-mae-musica-classica-moderna\/<\/a><br \/>\n<a href=\"https:\/\/pt.wikipedia.org\/wiki\/M%C3%BAsica_cl%C3%A1ssica\" target=\"_blank\" rel=\"noopener noreferrer\">https:\/\/pt.wikipedia.org\/wiki\/M%C3%BAsica_cl%C3%A1ssica<\/a><br \/>\n<a href=\"https:\/\/pt.wikipedia.org\/wiki\/Categoria:M%C3%BAsica_cl%C3%A1ssica\" target=\"_blank\" rel=\"noopener noreferrer\">https:\/\/pt.wikipedia.org\/wiki\/Categoria:M%C3%BAsica_cl%C3%A1ssica<\/a><\/p>\n<p><strong>\u00daltimas tocadas no Classical Channel<\/strong><\/p>\n<div><iframe src=\"https:\/\/www.nos.com.br\/GetPlayedHistory.php?hist=stream05.xml&amp;name=Modern-classical\" width=\"640\" height=\"300\"><\/iframe><\/div>\n<p>Sua opini\u00e3o \u00e9 importante: diga-nos o que achou do Classical Channel da RadioNOS ?<\/p>\n<p>O Melhor em CREATIVE COMMONS Music &#8211; O que n\u00e3o se ouve por a\u00ed.<\/p>\n<\/div>\n","protected":false},"excerpt":{"rendered":"<p>M\u00fasica cl\u00e1ssica ou m\u00fasica erudita \u00e9 o nome dado \u00e0 principal variedade de m\u00fasica produzida ou enraizada nas tradi\u00e7\u00f5es da m\u00fasica secular e lit\u00fargica ocidental, que abrange um per\u00edodo amplo que vai aproximadamente do s\u00e9culo IX at\u00e9 o presente,1 e segue c\u00e2nones pr\u00e9- estabelecidos no decorrer da hist\u00f3ria musical. As normas centrais desta tradi\u00e7\u00e3o&hellip; <a class=\"read-more-link\" href=\"https:\/\/radionos.com\/site\/modern-classical-channel\/\">(mais)<\/a><\/p>\n","protected":false},"author":1,"featured_media":1498,"parent":0,"menu_order":0,"comment_status":"closed","ping_status":"closed","template":"","meta":{"_eb_attr":"","_monsterinsights_skip_tracking":false,"_monsterinsights_sitenote_active":false,"_monsterinsights_sitenote_note":"","_monsterinsights_sitenote_category":0,"footnotes":""},"class_list":["post-226","page","type-page","status-publish","has-post-thumbnail","hentry"],"jetpack_sharing_enabled":true,"_links":{"self":[{"href":"https:\/\/radionos.com\/site\/wp-json\/wp\/v2\/pages\/226","targetHints":{"allow":["GET"]}}],"collection":[{"href":"https:\/\/radionos.com\/site\/wp-json\/wp\/v2\/pages"}],"about":[{"href":"https:\/\/radionos.com\/site\/wp-json\/wp\/v2\/types\/page"}],"author":[{"embeddable":true,"href":"https:\/\/radionos.com\/site\/wp-json\/wp\/v2\/users\/1"}],"replies":[{"embeddable":true,"href":"https:\/\/radionos.com\/site\/wp-json\/wp\/v2\/comments?post=226"}],"version-history":[{"count":21,"href":"https:\/\/radionos.com\/site\/wp-json\/wp\/v2\/pages\/226\/revisions"}],"predecessor-version":[{"id":2296,"href":"https:\/\/radionos.com\/site\/wp-json\/wp\/v2\/pages\/226\/revisions\/2296"}],"wp:featuredmedia":[{"embeddable":true,"href":"https:\/\/radionos.com\/site\/wp-json\/wp\/v2\/media\/1498"}],"wp:attachment":[{"href":"https:\/\/radionos.com\/site\/wp-json\/wp\/v2\/media?parent=226"}],"curies":[{"name":"wp","href":"https:\/\/api.w.org\/{rel}","templated":true}]}}