{"id":224,"date":"2017-01-28T15:39:01","date_gmt":"2017-01-28T18:39:01","guid":{"rendered":"http:\/\/radionos.com.br\/wp\/?page_id=224"},"modified":"2025-08-21T21:03:43","modified_gmt":"2025-08-22T00:03:43","slug":"blues-channel","status":"publish","type":"page","link":"https:\/\/radionos.com\/site\/blues-channel\/","title":{"rendered":"Blues Channel"},"content":{"rendered":"<div><\/div>\n<div><a href=\"_wp_link_placeholder\" data-wplink-edit=\"true\"><img decoding=\"async\" class=\"size-full wp-image-2014 aligncenter\" src=\"\/site\/wp-content\/uploads\/2024\/08\/p14.png\" alt=\"\" width=\"240\" height=\"164\" \/><\/a><\/div>\n<div><\/div>\n<div>\n<script>\n\t\tjQuery(function() {\nsetTimeout(function(){\n\t\t\tjQuery(\"#lbg_audio5_html5_shoutcast_4\").audio5_html5({\n\t\t\t\tskin:\"whiteControllers\",\n\t\t\t\tplayerWidth:5000,\n\t\t\t\tresponsive:true,\n\t\t\t\tinitialVolume:1,\n\t\t\t\tautoPlay:true,\n\t\t\t\tvolumeOffColor:\"#454545\",\n\t\t\t\tvolumeOnColor:\"#FFFFFF\",\n\t\t\t\tsongTitleColor:\"#d6d2d6\",\n\t\t\t\tradioStationColor:\"#d6d2d6\",\n\t\t\t\tframeBehindPlayerColor:\"#000000\",\n\t\t\t\timageBorderWidth:4,\n\t\t\t\timageBorderColor:\"#000000\",\n\t\t\t\tshowVolume:true,\n\t\t\t\tshowRadioStation:true,\n\t\t\t\tshowTitle:true,\n\t\t\t\tshowNextPrevBut:false,\n\t\t\t\tautoHidePlayButton:false,\n\t\t\t\tshowFacebookBut:false,\n\t\t\t\tfacebookAppID:\"377545175935780\",\n\t\t\t\tfacebookShareTitle:\"Listen now RadioNOS.com\",\n\t\t\t\tfacebookShareDescription:\"O que n\u00e3o se ouve por a\u00ed...\",\n\t\t\t\tshowTwitterBut:false,\n\t\t\t\tbeneathTitleBackgroundColor_VisiblePlaylist:\"#11111c\",\n\t\t\t\tbeneathTitleBackgroundOpacity_VisiblePlaylist:100,\n\t\t\t\tbeneathTitleBackgroundColor_HiddenPlaylist:\"#11111c\",\n\t\t\t\tbeneathTitleBackgroundOpacity_HiddenPlaylist:100,\n\t\t\t\tbeneathTitleBackgroundBorderColor:\"#000000\",\n\t\t\t\tbeneathTitleBackgroundBorderWidth:3,\n\t\t\t\ttranslateRadioStation:\"Canal: \",\n\t\t\t\ttranslateSongTitle:\"Tocando agora: \",\n\t\t\t\ttranslateReadingData:\"lendo dados...\",\n\t\t\t\ttranslateAllRadioStations:\"TODOS OS CANAIS\",\n\t\t\t\tshowPlaylistBut:false,\n\t\t\t\tshowPlaylist:true,\n\t\t\t\tshowPlaylistOnInit:false,\n\t\t\t\tplaylistTopPos:5,\n\t\t\t\tplaylistBgColor:\"#c55151\",\n\t\t\t\tplaylistRecordBgOffColor:\"#000000\",\n\t\t\t\tplaylistRecordBgOnColor:\"#000000\",\n\t\t\t\tplaylistRecordBottomBorderOffColor:\"#333333\",\n\t\t\t\tplaylistRecordBottomBorderOnColor:\"#4d4d4d\",\n\t\t\t\tplaylistRecordTextOffColor:\"#777777\",\n\t\t\t\tplaylistRecordTextOnColor:\"#00b4f9\",\n\t\t\t\tcategoryRecordBgOffColor:\"#000000\",\n\t\t\t\tcategoryRecordBgOnColor:\"#252525\",\n\t\t\t\tcategoryRecordBottomBorderOffColor:\"#2f2f2f\",\n\t\t\t\tcategoryRecordBottomBorderOnColor:\"#2f2f2f\",\n\t\t\t\tcategoryRecordTextOffColor:\"#777777\",\n\t\t\t\tcategoryRecordTextOnColor:\"#00b4f9\",\n\t\t\t\tnumberOfThumbsPerScreen:7,\n\t\t\t\tplaylistPadding:18,\n\t\t\t\tfirstCateg:\"\",\n\t\t\t\tshowCategories:false,\n\t\t\t\tselectedCategBg:\"#000000\",\n\t\t\t\tselectedCategOffColor:\"#FFFFFF\",\n\t\t\t\tselectedCategOnColor:\"#00b4f9\",\n\t\t\t\tselectedCategMarginBottom:12,\n\t\t\t\tshowSearchArea:false,\n\t\t\t\tsearchAreaBg:\"#000000\",\n\t\t\t\tsearchInputText:\"search...\",\n\t\t\t\tsearchInputBg:\"#ffffff\",\n\t\t\t\tsearchInputBorderColor:\"#333333\",\n\t\t\t    searchInputTextColor:\"#333333\",\n\t\t\t\tshowPlaylistNumber:false,\n\t\t\t\tpathToAjaxFiles:\"https:\/\/radionos.com\/site\/wp-content\/plugins\/lbg-audio5-html5-shoutcast_sticky\/audio5_html5\/\",\n\t\t\t\tnowPlayingInterval:15,\n\t\t\t\tgrabLastFmPhoto:true,\n\t\t\t\tgrabStreamnameAndGenre:false,\n\t\t\t\tnoImageAvailable:\"https:\/\/radionos.com\/site\/wp-content\/uploads\/2022\/01\/ICONE-NOS-1.png\",\n\t\t\t\tshowHeadphone:false,\n\t\t\t\tnextPrevAdditionalPadding:-5,\n\t\t\t\tminButtonColor:\"#a890a8\"\n\t\t\t});\n}, 0);\n\t\t});\n\t<\/script>\n    <div class=\"audio5_html5_sticky\">\n\t\t<div class=\"audio5_html5\">\n            <div id=\"lbg_audio5_html5_shoutcast_4\">\n                  <div class=\"xaudioplaylist\"><ul>\n                \t<li class=\"xradiostream\">https:\/\/nos.radio.br:443\/stream\/4\/;<\/li><li class=\"xassociatedpageurl\"><\/li><li class=\"xstation\">Blues Channel<\/li>        <\/ul><\/div>\n            <\/div>\n     <\/div>\n\t<br style=\"clear:both;\">\n\t<div class=\"audio5_html5_min audio5_html5_arrow_down\"><\/div>\n\n  <\/div>  \n<p>Blues \u00e9 uma forma musical vocal e\/ou instrumental que se fundamenta no uso de notas tocadas ou cantadas numa frequ\u00eancia baixa, com fins expressivos, utilizando sempre uma estrutura repetitiva. Nos Estados Unidos surgiu a partir dos cantos de f\u00e9 religiosa, chamadas spirituals e de outras formas similares, como os c\u00e2nticos, gritos e can\u00e7\u00f5es de trabalho, cantados pelas comunidades dos escravos libertos. Suas letras, muitas vezes, inclu\u00edam sutis sugest\u00f5es ou protestos contra a escravid\u00e3o ou formas de escapar dela.<\/p>\n<p>O blues tem exercido uma grande influ\u00eancia na m\u00fasica popular ocidental, definindo e influenciando o surgimento da maioria dos estilos musicais como o jazz, rhythm and blues, rock and roll e m\u00fasica country,al\u00e9m de ska-rocksteady, soul music e influenciando tamb\u00e9m na m\u00fasica pop convencional e at\u00e9 na m\u00fasica erudita moderna.<\/p>\n<p>Para saber mais:<br \/>\n<a href=\"http:\/\/en.wikipedia.org\/wiki\/Blues\" target=\"_blank\" rel=\"noopener noreferrer\">http:\/\/en.wikipedia.org\/wiki\/Blues<\/a><\/p>\n<p><strong>\u00daltimas tocadas no Blues Channel<\/strong><\/p>\n<div><iframe src=\"https:\/\/www.nos.com.br\/GetPlayedHistory.php?hist=stream04.xml&amp;name=Blues&amp;vers=0.6\" width=\"640\" height=\"300\"><\/iframe><\/div>\n<p>Sua opini\u00e3o \u00e9 importante: diga-nos o que acha do Blues Channel da RadioNOS ?<\/p>\n<p>O Melhor em CREATIVE COMMONS Music &#8211; O que n\u00e3o se ouve por a\u00ed.<\/p>\n<\/div>\n","protected":false},"excerpt":{"rendered":"<p>Blues \u00e9 uma forma musical vocal e\/ou instrumental que se fundamenta no uso de notas tocadas ou cantadas numa frequ\u00eancia baixa, com fins expressivos, utilizando sempre uma estrutura repetitiva. Nos Estados Unidos surgiu a partir dos cantos de f\u00e9 religiosa, chamadas spirituals e de outras formas similares, como os c\u00e2nticos, gritos e can\u00e7\u00f5es de&hellip; <a class=\"read-more-link\" href=\"https:\/\/radionos.com\/site\/blues-channel\/\">(mais)<\/a><\/p>\n","protected":false},"author":1,"featured_media":1504,"parent":0,"menu_order":0,"comment_status":"closed","ping_status":"closed","template":"","meta":{"_eb_attr":"","_monsterinsights_skip_tracking":false,"_monsterinsights_sitenote_active":false,"_monsterinsights_sitenote_note":"","_monsterinsights_sitenote_category":0,"footnotes":""},"class_list":["post-224","page","type-page","status-publish","has-post-thumbnail","hentry"],"jetpack_sharing_enabled":true,"_links":{"self":[{"href":"https:\/\/radionos.com\/site\/wp-json\/wp\/v2\/pages\/224","targetHints":{"allow":["GET"]}}],"collection":[{"href":"https:\/\/radionos.com\/site\/wp-json\/wp\/v2\/pages"}],"about":[{"href":"https:\/\/radionos.com\/site\/wp-json\/wp\/v2\/types\/page"}],"author":[{"embeddable":true,"href":"https:\/\/radionos.com\/site\/wp-json\/wp\/v2\/users\/1"}],"replies":[{"embeddable":true,"href":"https:\/\/radionos.com\/site\/wp-json\/wp\/v2\/comments?post=224"}],"version-history":[{"count":38,"href":"https:\/\/radionos.com\/site\/wp-json\/wp\/v2\/pages\/224\/revisions"}],"predecessor-version":[{"id":2310,"href":"https:\/\/radionos.com\/site\/wp-json\/wp\/v2\/pages\/224\/revisions\/2310"}],"wp:featuredmedia":[{"embeddable":true,"href":"https:\/\/radionos.com\/site\/wp-json\/wp\/v2\/media\/1504"}],"wp:attachment":[{"href":"https:\/\/radionos.com\/site\/wp-json\/wp\/v2\/media?parent=224"}],"curies":[{"name":"wp","href":"https:\/\/api.w.org\/{rel}","templated":true}]}}