{"id":222,"date":"2017-01-28T15:38:19","date_gmt":"2017-01-28T18:38:19","guid":{"rendered":"http:\/\/radionos.com.br\/wp\/?page_id=222"},"modified":"2025-08-21T21:10:21","modified_gmt":"2025-08-22T00:10:21","slug":"jazz-channel","status":"publish","type":"page","link":"https:\/\/radionos.com\/site\/jazz-channel\/","title":{"rendered":"Jazz Channel"},"content":{"rendered":"<div><img decoding=\"async\" class=\"size-full wp-image-2001 aligncenter\" src=\"\/site\/wp-content\/uploads\/2024\/08\/p28.png\" alt=\"\" width=\"242\" height=\"179\" \/><\/div>\n<div><\/div>\n<div><script>\n\t\tjQuery(function() {\nsetTimeout(function(){\n\t\t\tjQuery(\"#lbg_audio5_html5_shoutcast_3\").audio5_html5({\n\t\t\t\tskin:\"whiteControllers\",\n\t\t\t\tplayerWidth:5000,\n\t\t\t\tresponsive:true,\n\t\t\t\tinitialVolume:1,\n\t\t\t\tautoPlay:true,\n\t\t\t\tvolumeOffColor:\"#454545\",\n\t\t\t\tvolumeOnColor:\"#FFFFFF\",\n\t\t\t\tsongTitleColor:\"#d6d2d6\",\n\t\t\t\tradioStationColor:\"#d6d2d6\",\n\t\t\t\tframeBehindPlayerColor:\"#000000\",\n\t\t\t\timageBorderWidth:4,\n\t\t\t\timageBorderColor:\"#000000\",\n\t\t\t\tshowVolume:true,\n\t\t\t\tshowRadioStation:true,\n\t\t\t\tshowTitle:true,\n\t\t\t\tshowNextPrevBut:false,\n\t\t\t\tautoHidePlayButton:false,\n\t\t\t\tshowFacebookBut:false,\n\t\t\t\tfacebookAppID:\"377545175935780\",\n\t\t\t\tfacebookShareTitle:\"Listen now RadioNOS.com\",\n\t\t\t\tfacebookShareDescription:\"O que n\u00e3o se ouve por a\u00ed...\",\n\t\t\t\tshowTwitterBut:false,\n\t\t\t\tbeneathTitleBackgroundColor_VisiblePlaylist:\"#11111c\",\n\t\t\t\tbeneathTitleBackgroundOpacity_VisiblePlaylist:100,\n\t\t\t\tbeneathTitleBackgroundColor_HiddenPlaylist:\"#11111c\",\n\t\t\t\tbeneathTitleBackgroundOpacity_HiddenPlaylist:100,\n\t\t\t\tbeneathTitleBackgroundBorderColor:\"#000000\",\n\t\t\t\tbeneathTitleBackgroundBorderWidth:3,\n\t\t\t\ttranslateRadioStation:\"Canal: \",\n\t\t\t\ttranslateSongTitle:\"Tocando agora: \",\n\t\t\t\ttranslateReadingData:\"lendo dados...\",\n\t\t\t\ttranslateAllRadioStations:\"TODOS OS CANAIS\",\n\t\t\t\tshowPlaylistBut:false,\n\t\t\t\tshowPlaylist:true,\n\t\t\t\tshowPlaylistOnInit:false,\n\t\t\t\tplaylistTopPos:5,\n\t\t\t\tplaylistBgColor:\"#c55151\",\n\t\t\t\tplaylistRecordBgOffColor:\"#000000\",\n\t\t\t\tplaylistRecordBgOnColor:\"#000000\",\n\t\t\t\tplaylistRecordBottomBorderOffColor:\"#333333\",\n\t\t\t\tplaylistRecordBottomBorderOnColor:\"#4d4d4d\",\n\t\t\t\tplaylistRecordTextOffColor:\"#777777\",\n\t\t\t\tplaylistRecordTextOnColor:\"#00b4f9\",\n\t\t\t\tcategoryRecordBgOffColor:\"#000000\",\n\t\t\t\tcategoryRecordBgOnColor:\"#252525\",\n\t\t\t\tcategoryRecordBottomBorderOffColor:\"#2f2f2f\",\n\t\t\t\tcategoryRecordBottomBorderOnColor:\"#2f2f2f\",\n\t\t\t\tcategoryRecordTextOffColor:\"#777777\",\n\t\t\t\tcategoryRecordTextOnColor:\"#00b4f9\",\n\t\t\t\tnumberOfThumbsPerScreen:7,\n\t\t\t\tplaylistPadding:18,\n\t\t\t\tfirstCateg:\"\",\n\t\t\t\tshowCategories:false,\n\t\t\t\tselectedCategBg:\"#000000\",\n\t\t\t\tselectedCategOffColor:\"#FFFFFF\",\n\t\t\t\tselectedCategOnColor:\"#00b4f9\",\n\t\t\t\tselectedCategMarginBottom:12,\n\t\t\t\tshowSearchArea:false,\n\t\t\t\tsearchAreaBg:\"#000000\",\n\t\t\t\tsearchInputText:\"search...\",\n\t\t\t\tsearchInputBg:\"#ffffff\",\n\t\t\t\tsearchInputBorderColor:\"#333333\",\n\t\t\t    searchInputTextColor:\"#333333\",\n\t\t\t\tshowPlaylistNumber:false,\n\t\t\t\tpathToAjaxFiles:\"https:\/\/radionos.com\/site\/wp-content\/plugins\/lbg-audio5-html5-shoutcast_sticky\/audio5_html5\/\",\n\t\t\t\tnowPlayingInterval:15,\n\t\t\t\tgrabLastFmPhoto:true,\n\t\t\t\tgrabStreamnameAndGenre:false,\n\t\t\t\tnoImageAvailable:\"https:\/\/radionos.com\/site\/wp-content\/uploads\/2022\/01\/ICONE-NOS-1.png\",\n\t\t\t\tshowHeadphone:false,\n\t\t\t\tnextPrevAdditionalPadding:-5,\n\t\t\t\tminButtonColor:\"#a890a8\"\n\t\t\t});\n}, 0);\n\t\t});\n\t<\/script>\n    <div class=\"audio5_html5_sticky\">\n\t\t<div class=\"audio5_html5\">\n            <div id=\"lbg_audio5_html5_shoutcast_3\">\n                  <div class=\"xaudioplaylist\"><ul>\n                \t<li class=\"xradiostream\">https:\/\/nos.radio.br:443\/stream\/3\/;<\/li><li class=\"xassociatedpageurl\"><\/li><li class=\"xstation\">Jazz Channel<\/li>        <\/ul><\/div>\n            <\/div>\n     <\/div>\n\t<br style=\"clear:both;\">\n\t<div class=\"audio5_html5_min audio5_html5_arrow_down\"><\/div>\n\n  <\/div>  <\/div>\n<div>\n<p>O jazz \u00e9 uma manifesta\u00e7\u00e3o art\u00edstico-musical origin\u00e1ria em New Orleans, Chicago e New York. Tal manifesta\u00e7\u00e3o teria surgido por volta do in\u00edcio do s\u00e9culo XX na regi\u00e3o de Nova Orle\u00e3es e em suas proximidades, tendo, na cultura popular e na criatividade das comunidades negras que ali viviam, um de seus espa\u00e7os de desenvolvimento mais importantes.<\/p>\n<p>O jazz se desenvolveu com a mistura de v\u00e1rias tradi\u00e7\u00f5es religiosas, em particular a afro-americana. Esta nova forma de se fazer m\u00fasica incorporava blue notes, chamada e resposta, forma sincopada, polirritmia, improvisa\u00e7\u00e3o e notas com swing do ragtime. Os instrumentos musicais b\u00e1sicos para o Jazz s\u00e3o aqueles usados em bandas marciais e bandas de dan\u00e7a: metais, palhetas e baterias. No entanto, o Jazz, em suas v\u00e1rias formas, aceita praticamente todo tipo de instrumento.<\/p>\n<p>As origens da palavra &#8220;jazz&#8221; s\u00e3o incertas. A palavra tem suas ra\u00edzes na g\u00edria norte-americana e v\u00e1rias deriva\u00e7\u00f5es t\u00eam sugerido tal fato. O jazz n\u00e3o foi aplicado como m\u00fasica at\u00e9 por volta de 1915. Earl Hines, nascido em 1903 e mais tarde se tornou celebrado m\u00fasico de jazz, costumava dizer que estava &#8220;tocando o piano antes mesmo da palavra &#8220;jazz&#8221; ser inventada&#8221;.<\/p>\n<p>Desde o come\u00e7o do seu desenvolvimento, no in\u00edcio do s\u00e9culo XX, o jazz produziu uma grande variedade de subg\u00eaneros, como o dixieland da d\u00e9cada de 1910, o Swing das Big bands das d\u00e9cadas 1930 e 1940, o bebop de meados da d\u00e9cada de 1940, o jazz latino das d\u00e9cadas de 1950 e 1960 e o fusion das d\u00e9cadas de 1970 e 1980. Devido \u00e0 sua divulga\u00e7\u00e3o mundial, o jazz se adaptou a muitos estilos musicais locais, obtendo, assim, uma grande variedade mel\u00f3dica, harm\u00f4nica e r\u00edtmica.<\/p>\n<p>Quer saber mais?<br \/>\n<a href=\"https:\/\/en.wikipedia.org\/wiki\/Jazz\" target=\"_blank\" rel=\"noopener noreferrer\">https:\/\/en.wikipedia.org\/wiki\/Jazz<\/a><\/p>\n<p><strong>\u00daltimas tocadas no Ambient Channel<\/strong><\/p>\n<div><iframe src=\"https:\/\/www.nos.com.br\/GetPlayedHistory.php?hist=stream03.xml&amp;name=Jazz\" width=\"640\" height=\"300\"><\/iframe><\/div>\n<p>Sua opini\u00e3o \u00e9 importante: diga-nos o que acha do Jazz Channel da RadioNOS ?<\/p>\n<p>O Melhor em CREATIVE COMMONS Music &#8211; O que n\u00e3o se ouve por a\u00ed.<\/p>\n<\/div>\n","protected":false},"excerpt":{"rendered":"<p>O jazz \u00e9 uma manifesta\u00e7\u00e3o art\u00edstico-musical origin\u00e1ria em New Orleans, Chicago e New York. Tal manifesta\u00e7\u00e3o teria surgido por volta do in\u00edcio do s\u00e9culo XX na regi\u00e3o de Nova Orle\u00e3es e em suas proximidades, tendo, na cultura popular e na criatividade das comunidades negras que ali viviam, um de seus espa\u00e7os de desenvolvimento mais&hellip; <a class=\"read-more-link\" href=\"https:\/\/radionos.com\/site\/jazz-channel\/\">(mais)<\/a><\/p>\n","protected":false},"author":1,"featured_media":1496,"parent":0,"menu_order":0,"comment_status":"closed","ping_status":"closed","template":"","meta":{"_eb_attr":"","_monsterinsights_skip_tracking":false,"_monsterinsights_sitenote_active":false,"_monsterinsights_sitenote_note":"","_monsterinsights_sitenote_category":0,"footnotes":""},"class_list":["post-222","page","type-page","status-publish","has-post-thumbnail","hentry"],"jetpack_sharing_enabled":true,"_links":{"self":[{"href":"https:\/\/radionos.com\/site\/wp-json\/wp\/v2\/pages\/222","targetHints":{"allow":["GET"]}}],"collection":[{"href":"https:\/\/radionos.com\/site\/wp-json\/wp\/v2\/pages"}],"about":[{"href":"https:\/\/radionos.com\/site\/wp-json\/wp\/v2\/types\/page"}],"author":[{"embeddable":true,"href":"https:\/\/radionos.com\/site\/wp-json\/wp\/v2\/users\/1"}],"replies":[{"embeddable":true,"href":"https:\/\/radionos.com\/site\/wp-json\/wp\/v2\/comments?post=222"}],"version-history":[{"count":22,"href":"https:\/\/radionos.com\/site\/wp-json\/wp\/v2\/pages\/222\/revisions"}],"predecessor-version":[{"id":2307,"href":"https:\/\/radionos.com\/site\/wp-json\/wp\/v2\/pages\/222\/revisions\/2307"}],"wp:featuredmedia":[{"embeddable":true,"href":"https:\/\/radionos.com\/site\/wp-json\/wp\/v2\/media\/1496"}],"wp:attachment":[{"href":"https:\/\/radionos.com\/site\/wp-json\/wp\/v2\/media?parent=222"}],"curies":[{"name":"wp","href":"https:\/\/api.w.org\/{rel}","templated":true}]}}