{"id":220,"date":"2017-01-28T15:37:38","date_gmt":"2017-01-28T18:37:38","guid":{"rendered":"http:\/\/radionos.com.br\/wp\/?page_id=220"},"modified":"2025-08-21T21:10:55","modified_gmt":"2025-08-22T00:10:55","slug":"new-age-channel","status":"publish","type":"page","link":"https:\/\/radionos.com\/site\/new-age-channel\/","title":{"rendered":"New age Channel"},"content":{"rendered":"<div><img decoding=\"async\" class=\"size-full wp-image-2017 aligncenter\" src=\"\/site\/wp-content\/uploads\/2024\/08\/p17.png\" alt=\"\" width=\"232\" height=\"151\" \/><\/div>\n<div><\/div>\n<div><script>\n\t\tjQuery(function() {\nsetTimeout(function(){\n\t\t\tjQuery(\"#lbg_audio5_html5_shoutcast_2\").audio5_html5({\n\t\t\t\tskin:\"whiteControllers\",\n\t\t\t\tplayerWidth:5000,\n\t\t\t\tresponsive:true,\n\t\t\t\tinitialVolume:1,\n\t\t\t\tautoPlay:true,\n\t\t\t\tvolumeOffColor:\"#454545\",\n\t\t\t\tvolumeOnColor:\"#FFFFFF\",\n\t\t\t\tsongTitleColor:\"#d6d2d6\",\n\t\t\t\tradioStationColor:\"#d6d2d6\",\n\t\t\t\tframeBehindPlayerColor:\"#000000\",\n\t\t\t\timageBorderWidth:4,\n\t\t\t\timageBorderColor:\"#000000\",\n\t\t\t\tshowVolume:true,\n\t\t\t\tshowRadioStation:true,\n\t\t\t\tshowTitle:true,\n\t\t\t\tshowNextPrevBut:false,\n\t\t\t\tautoHidePlayButton:false,\n\t\t\t\tshowFacebookBut:false,\n\t\t\t\tfacebookAppID:\"377545175935780\",\n\t\t\t\tfacebookShareTitle:\"Ouvindo agora New Age Channel da RadioNOS.com\",\n\t\t\t\tfacebookShareDescription:\"New Age Channel, o que n\u00e3o se ouve por a\u00ed...\",\n\t\t\t\tshowTwitterBut:false,\n\t\t\t\tbeneathTitleBackgroundColor_VisiblePlaylist:\"#11111c\",\n\t\t\t\tbeneathTitleBackgroundOpacity_VisiblePlaylist:100,\n\t\t\t\tbeneathTitleBackgroundColor_HiddenPlaylist:\"#11111c\",\n\t\t\t\tbeneathTitleBackgroundOpacity_HiddenPlaylist:100,\n\t\t\t\tbeneathTitleBackgroundBorderColor:\"#000000\",\n\t\t\t\tbeneathTitleBackgroundBorderWidth:3,\n\t\t\t\ttranslateRadioStation:\"Canal: \",\n\t\t\t\ttranslateSongTitle:\"Tocando agora: \",\n\t\t\t\ttranslateReadingData:\"lendo dados...\",\n\t\t\t\ttranslateAllRadioStations:\"TODOS OS CANAIS\",\n\t\t\t\tshowPlaylistBut:false,\n\t\t\t\tshowPlaylist:true,\n\t\t\t\tshowPlaylistOnInit:false,\n\t\t\t\tplaylistTopPos:5,\n\t\t\t\tplaylistBgColor:\"#c55151\",\n\t\t\t\tplaylistRecordBgOffColor:\"#000000\",\n\t\t\t\tplaylistRecordBgOnColor:\"#000000\",\n\t\t\t\tplaylistRecordBottomBorderOffColor:\"#333333\",\n\t\t\t\tplaylistRecordBottomBorderOnColor:\"#4d4d4d\",\n\t\t\t\tplaylistRecordTextOffColor:\"#777777\",\n\t\t\t\tplaylistRecordTextOnColor:\"#00b4f9\",\n\t\t\t\tcategoryRecordBgOffColor:\"#000000\",\n\t\t\t\tcategoryRecordBgOnColor:\"#252525\",\n\t\t\t\tcategoryRecordBottomBorderOffColor:\"#2f2f2f\",\n\t\t\t\tcategoryRecordBottomBorderOnColor:\"#2f2f2f\",\n\t\t\t\tcategoryRecordTextOffColor:\"#777777\",\n\t\t\t\tcategoryRecordTextOnColor:\"#00b4f9\",\n\t\t\t\tnumberOfThumbsPerScreen:7,\n\t\t\t\tplaylistPadding:18,\n\t\t\t\tfirstCateg:\"\",\n\t\t\t\tshowCategories:false,\n\t\t\t\tselectedCategBg:\"#000000\",\n\t\t\t\tselectedCategOffColor:\"#FFFFFF\",\n\t\t\t\tselectedCategOnColor:\"#00b4f9\",\n\t\t\t\tselectedCategMarginBottom:12,\n\t\t\t\tshowSearchArea:false,\n\t\t\t\tsearchAreaBg:\"#000000\",\n\t\t\t\tsearchInputText:\"search...\",\n\t\t\t\tsearchInputBg:\"#ffffff\",\n\t\t\t\tsearchInputBorderColor:\"#333333\",\n\t\t\t    searchInputTextColor:\"#333333\",\n\t\t\t\tshowPlaylistNumber:false,\n\t\t\t\tpathToAjaxFiles:\"https:\/\/radionos.com\/site\/wp-content\/plugins\/lbg-audio5-html5-shoutcast_sticky\/audio5_html5\/\",\n\t\t\t\tnowPlayingInterval:15,\n\t\t\t\tgrabLastFmPhoto:true,\n\t\t\t\tgrabStreamnameAndGenre:true,\n\t\t\t\tnoImageAvailable:\"https:\/\/radionos.com\/site\/wp-content\/uploads\/2022\/01\/ICONE-NOS-1.png\",\n\t\t\t\tshowHeadphone:false,\n\t\t\t\tnextPrevAdditionalPadding:-5,\n\t\t\t\tminButtonColor:\"#a890a8\"\n\t\t\t});\n}, 0);\n\t\t});\n\t<\/script>\n    <div class=\"audio5_html5_sticky\">\n\t\t<div class=\"audio5_html5\">\n            <div id=\"lbg_audio5_html5_shoutcast_2\">\n                  <div class=\"xaudioplaylist\"><ul>\n                \t<li class=\"xradiostream\">https:\/\/nos.radio.br:443\/stream\/2\/;<\/li><li class=\"xassociatedpageurl\"><\/li><li class=\"xstation\">New Age Channel<\/li>        <\/ul><\/div>\n            <\/div>\n     <\/div>\n\t<br style=\"clear:both;\">\n\t<div class=\"audio5_html5_min audio5_html5_arrow_down\"><\/div>\n\n  <\/div>  <\/div>\n<div>\n<p>A m\u00fasica New Age, tamb\u00e9m conhecida como m\u00fasica da Nova Era, \u00e9 um g\u00eanero musical que se caracteriza por uma melodia suave, sons instrumentais (harpa, teclado, flauta, viol\u00e3o, \u00f3rg\u00e3o) e vozes et\u00e9reas. Este g\u00eanero musical tamb\u00e9m utiliza sons da natureza em suas m\u00fasicas. \u00c9 muito usada para medita\u00e7\u00e3o por seguidores de v\u00e1rias cren\u00e7as espiritualistas, muitas das quais se englobam ao movimento Nova Era, o qual \u00e9 uma das suas mais proeminentes influ\u00eancias ideol\u00f3gicas. Este g\u00eanero musical busca despertar sentimentos de harmonia, paz interior e valoriza\u00e7\u00e3o da natureza (animais, plantas, recursos minerais).<\/p>\n<p>O estilo musical New Age surgiu na d\u00e9cada de 1960, no contexto do desenvolvimento da cultura hippie (liberdade, respeito, paz e amor). Uma das principais vertentes da New Age \u00e9 a Space Music, conhecida pelas obras de temas espaciais criadas na d\u00e9cada de 1970 e 1980 por artistas como Vangelis e Jean Michel Jarre. Os temas espaciais s\u00e3o produzidos atrav\u00e9s de texturas eletr\u00f4nicas e sons sintetizados. A cantora irlandesa Enya, o tecladista grego Yanni e o m\u00fasico japon\u00eas Kitaro s\u00e3o alguns dos principais expoentes da m\u00fasica New Age mundial atual.<\/p>\n<p>Quer saber mais sobre este estilo?<\/p>\n<p><a href=\"https:\/\/en.wikipedia.org\/wiki\/New_Age\" target=\"_blank\" rel=\"noopener noreferrer\">https:\/\/en.wikipedia.org\/wiki\/New_Age<\/a><\/p>\n<p><strong>\u00daltimas tocadas no Ambient Channel<\/strong><\/p>\n<div><iframe src=\"https:\/\/www.nos.com.br\/GetPlayedHistory.php?hist=stream02.xml&amp;name=New-Age\" width=\"640\" height=\"300\"><\/iframe><\/div>\n<p>Sua opini\u00e3o \u00e9 importante: diga-nos o que acha do New Age Channel da RadioNOS ?<\/p>\n<\/div>\n","protected":false},"excerpt":{"rendered":"<p>A m\u00fasica New Age, tamb\u00e9m conhecida como m\u00fasica da Nova Era, \u00e9 um g\u00eanero musical que se caracteriza por uma melodia suave, sons instrumentais (harpa, teclado, flauta, viol\u00e3o, \u00f3rg\u00e3o) e vozes et\u00e9reas. Este g\u00eanero musical tamb\u00e9m utiliza sons da natureza em suas m\u00fasicas. \u00c9 muito usada para medita\u00e7\u00e3o por seguidores de v\u00e1rias cren\u00e7as espiritualistas,&hellip; <a class=\"read-more-link\" href=\"https:\/\/radionos.com\/site\/new-age-channel\/\">(mais)<\/a><\/p>\n","protected":false},"author":1,"featured_media":1499,"parent":0,"menu_order":0,"comment_status":"closed","ping_status":"closed","template":"","meta":{"_eb_attr":"","_monsterinsights_skip_tracking":false,"_monsterinsights_sitenote_active":false,"_monsterinsights_sitenote_note":"","_monsterinsights_sitenote_category":0,"footnotes":""},"class_list":["post-220","page","type-page","status-publish","has-post-thumbnail","hentry"],"jetpack_sharing_enabled":true,"_links":{"self":[{"href":"https:\/\/radionos.com\/site\/wp-json\/wp\/v2\/pages\/220","targetHints":{"allow":["GET"]}}],"collection":[{"href":"https:\/\/radionos.com\/site\/wp-json\/wp\/v2\/pages"}],"about":[{"href":"https:\/\/radionos.com\/site\/wp-json\/wp\/v2\/types\/page"}],"author":[{"embeddable":true,"href":"https:\/\/radionos.com\/site\/wp-json\/wp\/v2\/users\/1"}],"replies":[{"embeddable":true,"href":"https:\/\/radionos.com\/site\/wp-json\/wp\/v2\/comments?post=220"}],"version-history":[{"count":21,"href":"https:\/\/radionos.com\/site\/wp-json\/wp\/v2\/pages\/220\/revisions"}],"predecessor-version":[{"id":2321,"href":"https:\/\/radionos.com\/site\/wp-json\/wp\/v2\/pages\/220\/revisions\/2321"}],"wp:featuredmedia":[{"embeddable":true,"href":"https:\/\/radionos.com\/site\/wp-json\/wp\/v2\/media\/1499"}],"wp:attachment":[{"href":"https:\/\/radionos.com\/site\/wp-json\/wp\/v2\/media?parent=220"}],"curies":[{"name":"wp","href":"https:\/\/api.w.org\/{rel}","templated":true}]}}